{"id":238702,"date":"2024-07-23T12:35:14","date_gmt":"2024-07-23T11:35:14","guid":{"rendered":"https:\/\/blackcamp.it\/en_second-hand\/"},"modified":"2026-02-14T01:51:50","modified_gmt":"2026-02-14T00:51:50","slug":"second-life-enquiry","status":"publish","type":"page","link":"https:\/\/blackcamp.it\/en\/second-life-enquiry\/","title":{"rendered":"EN_SecondLife-Request"},"content":{"rendered":"<p>[et_pb_section fb_built=&#8221;1&#8243; _builder_version=&#8221;4.26.1&#8243; _module_preset=&#8221;default&#8221; background_color=&#8221;#302D2D&#8221; locked=&#8221;off&#8221; global_colors_info=&#8221;{}&#8221;][et_pb_row _builder_version=&#8221;4.26.1&#8243; _module_preset=&#8221;default&#8221; global_colors_info=&#8221;{}&#8221;][et_pb_column type=&#8221;4_4&#8243; _builder_version=&#8221;4.26.1&#8243; _module_preset=&#8221;default&#8221; global_colors_info=&#8221;{}&#8221;][et_pb_text _builder_version=&#8221;4.27.5&#8243; _module_preset=&#8221;default&#8221; header_2_font=&#8221;&#8211;et_global_heading_font||||||||&#8221; text_orientation=&#8221;center&#8221; background_layout=&#8221;dark&#8221; global_colors_info=&#8221;{}&#8221;]<\/p>\n<div class=\"et_pb_row et_pb_row_0\">\n<div class=\"et_pb_column et_pb_column_4_4 et_pb_column_0 et_pb_css_mix_blend_mode_passthrough et-last-child\">\n<div class=\"et_pb_module et_pb_text et_pb_text_0 et_pb_text_align_center et_pb_bg_layout_dark\">\n<div class=\"et_pb_text_inner\">\n<h2>Are you interested in a BLACKCAMP Second Life model?<\/h2>\n<\/div>\n<\/div>\n<\/div>\n<\/div>\n<p>Unsere sorgf\u00e4ltig gepr\u00fcften Gebrauchtmodelle und Ausstellungsst\u00fccke bieten dir die ideale M\u00f6glichkeit, sofort in dein n\u00e4chstes Abenteuer zu starten \u2013 hochwertig ausgestattet, sofort verf\u00fcgbar und zum attraktiven Vorteilspreis.<\/p>\n<p>Use the contact form to receive further information about this model or to arrange a personal viewing appointment.<\/p>\n<p>[\/et_pb_text][dipl_form_styler form_type=&#8221;contact_form_7&#8243; cf7_form_id=&#8221;234503&#8243; input_custom_padding=&#8221;10px|10px|10px|10px|true|true&#8221; use_custom_checkbox=&#8221;on&#8221; checkbox_bg_color=&#8221;#70871D&#8221; submit_custom_padding=&#8221;8px|10px|8px|10px|true|true&#8221; submit_bg_color=&#8221;RGBA(255,255,255,0)&#8221; _builder_version=&#8221;4.26.1&#8243; _module_preset=&#8221;default&#8221; label_text_color=&#8221;#FFFFFF&#8221; submit_button_text_text_color=&#8221;#70871D&#8221; submit_button_text_font_size=&#8221;18px&#8221; button_text_font_size=&#8221;18px&#8221; text_orientation=&#8221;left&#8221; hover_enabled=&#8221;0&#8243; custom_css_free_form=&#8221;p {||  color: white !important;||}&#8221; border_radii_input=&#8221;on|5px|5px|5px|5px&#8221; border_radii_checkbox=&#8221;on|3px|3px|3px|3px&#8221; border_color_all_checkbox=&#8221;#FFFFFF&#8221; border_radii_submit_button=&#8221;on|5px|5px|5px|5px&#8221; border_width_all_submit_button=&#8221;3px&#8221; border_color_all_submit_button=&#8221;#70871D&#8221; global_colors_info=&#8221;{}&#8221; submit_bg_color__hover=&#8221;rgba(112,135,29,0.25)&#8221; submit_bg_color__hover_enabled=&#8221;on|hover&#8221; sticky_enabled=&#8221;0&#8243;][\/dipl_form_styler][\/et_pb_column][\/et_pb_row][\/et_pb_section]<\/p>\n","protected":false},"excerpt":{"rendered":"<p>Are you interested in a BLACKCAMP Second Life model? Unsere sorgf\u00e4ltig gepr\u00fcften Gebrauchtmodelle und Ausstellungsst\u00fccke bieten dir die ideale M\u00f6glichkeit, sofort in dein n\u00e4chstes Abenteuer zu starten \u2013 hochwertig ausgestattet, sofort verf\u00fcgbar und zum attraktiven Vorteilspreis. Use the contact form to receive further information about this model or to arrange a personal viewing appointment.<div class=\"et_pb_module dipl_form_styler dipl_form_styler_0\">\n\t\t\t\t\n\t\t\t\t\n\t\t\t\t\n\t\t\t\t\n\t\t\t\t\n\t\t\t\t\n\t\t\t\t<div class=\"et_pb_module_inner\">\n\t\t\t\t\t\n\t\t\t\t<\/div>\n\t\t\t<\/div><\/p>\n","protected":false},"author":1,"featured_media":240079,"parent":0,"menu_order":0,"comment_status":"closed","ping_status":"closed","template":"","meta":{"_seopress_robots_primary_cat":"","_seopress_titles_title":"BLACKCAMP Second Life enquiry: Used mini caravans","_seopress_titles_desc":"Submit your enquiry about BLACKCAMP Second Life models: immediately available display models and used models with high-quality equipment.","_seopress_robots_index":"yes","_et_pb_use_builder":"on","_et_pb_old_content":"","_et_gb_content_width":"","footnotes":""},"class_list":["post-238702","page","type-page","status-publish","has-post-thumbnail","hentry"],"_links":{"self":[{"href":"https:\/\/blackcamp.it\/en\/wp-json\/wp\/v2\/pages\/238702","targetHints":{"allow":["GET"]}}],"collection":[{"href":"https:\/\/blackcamp.it\/en\/wp-json\/wp\/v2\/pages"}],"about":[{"href":"https:\/\/blackcamp.it\/en\/wp-json\/wp\/v2\/types\/page"}],"author":[{"embeddable":true,"href":"https:\/\/blackcamp.it\/en\/wp-json\/wp\/v2\/users\/1"}],"replies":[{"embeddable":true,"href":"https:\/\/blackcamp.it\/en\/wp-json\/wp\/v2\/comments?post=238702"}],"version-history":[{"count":57,"href":"https:\/\/blackcamp.it\/en\/wp-json\/wp\/v2\/pages\/238702\/revisions"}],"predecessor-version":[{"id":247947,"href":"https:\/\/blackcamp.it\/en\/wp-json\/wp\/v2\/pages\/238702\/revisions\/247947"}],"wp:featuredmedia":[{"embeddable":true,"href":"https:\/\/blackcamp.it\/en\/wp-json\/wp\/v2\/media\/240079"}],"wp:attachment":[{"href":"https:\/\/blackcamp.it\/en\/wp-json\/wp\/v2\/media?parent=238702"}],"curies":[{"name":"wp","href":"https:\/\/api.w.org\/{rel}","templated":true}]}}