{"id":240668,"date":"2024-08-27T13:21:49","date_gmt":"2024-08-27T12:21:49","guid":{"rendered":"https:\/\/blackcamp.it\/?page_id=240668"},"modified":"2026-01-19T16:13:56","modified_gmt":"2026-01-19T15:13:56","slug":"faq","status":"publish","type":"page","link":"https:\/\/blackcamp.it\/en\/faq\/","title":{"rendered":"EN_FAQs"},"content":{"rendered":"<p>[et_pb_section fb_built=&#8221;1&#8243; next_background_color=&#8221;#302D2D&#8221; _builder_version=&#8221;4.27.0&#8243; _dynamic_attributes=&#8221;background_image&#8221; _module_preset=&#8221;default&#8221; background_image=&#8221;@ET-DC@eyJkeW5hbWljIjp0cnVlLCJjb250ZW50IjoicG9zdF9mZWF0dXJlZF9pbWFnZSIsInNldHRpbmdzIjp7fX0=@&#8221; background_enable_video_mp4=&#8221;off&#8221; background_enable_video_webm=&#8221;off&#8221; allow_player_pause=&#8221;on&#8221; height=&#8221;720px&#8221; height_tablet=&#8221;720px&#8221; height_phone=&#8221;500px&#8221; height_last_edited=&#8221;on|phone&#8221; bottom_divider_style=&#8221;mountains2&#8243; bottom_divider_height=&#8221;150px&#8221; locked=&#8221;off&#8221; global_colors_info=&#8221;{}&#8221;][et_pb_row admin_label=&#8221;Row&#8221; _builder_version=&#8221;4.26.0&#8243; _module_preset=&#8221;default&#8221; width_tablet=&#8221;&#8221; width_phone=&#8221;90%&#8221; width_last_edited=&#8221;on|phone&#8221; global_colors_info=&#8221;{}&#8221;][et_pb_column type=&#8221;4_4&#8243; _builder_version=&#8221;4.25.2&#8243; _module_preset=&#8221;default&#8221; global_colors_info=&#8221;{}&#8221;][et_pb_heading title=&#8221;Frequently Asked Questions (FAQs)&#8221; _builder_version=&#8221;4.27.4&#8243; _module_preset=&#8221;default&#8221; title_text_align=&#8221;center&#8221; title_font_size=&#8221;60px&#8221; custom_margin=&#8221;17.5%||||false|false&#8221; title_font_size_tablet=&#8221;60px&#8221; title_font_size_phone=&#8221;40px&#8221; title_font_size_last_edited=&#8221;on|phone&#8221; custom_css_main_element=&#8221;display: inline-block; \/* Hintergrund nur um den Text *\/||background-color: rgba(255, 255, 255, 0.5); \/* Halbtransparenter wei\u00dfer Hintergrund *\/||padding: 8px 8px; \/* Abstand oben\/unten &#038; links\/rechts *\/||text-align: center; \/* Falls mehrzeilig *\/||&#8221; custom_css_heading_container=&#8221;text-align: center; \/* Modul zentrieren *\/||&#8221; locked=&#8221;off&#8221; global_colors_info=&#8221;{}&#8221;][\/et_pb_heading][\/et_pb_column][\/et_pb_row][\/et_pb_section][et_pb_section fb_built=&#8221;1&#8243; _builder_version=&#8221;4.26.0&#8243; _module_preset=&#8221;default&#8221; background_color=&#8221;#302D2D&#8221; global_colors_info=&#8221;{}&#8221;][et_pb_row _builder_version=&#8221;4.26.0&#8243; _module_preset=&#8221;default&#8221; global_colors_info=&#8221;{}&#8221;][et_pb_column type=&#8221;4_4&#8243; _builder_version=&#8221;4.26.0&#8243; _module_preset=&#8221;default&#8221; global_colors_info=&#8221;{}&#8221;][et_pb_text _builder_version=&#8221;4.27.0&#8243; _module_preset=&#8221;default&#8221; text_orientation=&#8221;center&#8221; background_layout=&#8221;dark&#8221; global_colors_info=&#8221;{}&#8221;]<\/p>\n<p>Here you will find answers to the most frequently asked questions about the BLACKCAMP mini caravan. Whether it&#8217;s about driving licences, insurance, assembly or off-road suitability \u2013 here you will find all the important information at a glance. Get informed and prepare yourself optimally for your adventure with BLACKCAMP!  <\/p>\n<p>[\/et_pb_text][et_pb_accordion _builder_version=&#8221;4.27.0&#8243; _module_preset=&#8221;default&#8221; global_colors_info=&#8221;{}&#8221;][et_pb_accordion_item title=&#8221;Is a class B driving license sufficient to tow the mini caravan?&#8221; open=&#8221;on&#8221; _builder_version=&#8221;4.26.1&#8243; _module_preset=&#8221;default&#8221; global_colors_info=&#8221;{}&#8221;]<\/p>\n<p>&nbsp;<\/p>\n<p>Yes! With a regular mid-size car, you can tow the BLACKCAMP with a class B driving license. You can tow a total weight of up to 3500 kg (car + trailer). We offer our BLACKCAMP mini caravans with different total weights: 750 kg, 950 kg, 1100 kg, 1200 kg, 1300 kg, 1500 kg and 1600 kg.<\/p>\n<p>[\/et_pb_accordion_item][et_pb_accordion_item title=&#8221;Does the mini caravan need its own insurance?&#8221; _builder_version=&#8221;4.26.1&#8243; _module_preset=&#8221;default&#8221; global_colors_info=&#8221;{}&#8221; open=&#8221;off&#8221;]<\/p>\n<p>When attached to a car, the mini caravan is covered by the car&#8217;s insurance! However, if the mini caravan is parked without a car, stationary insurance is required.<\/p>\n<p>[\/et_pb_accordion_item][et_pb_accordion_item title=&#8221;What do I do with the BLACKCAMP if it rains?&#8221; _builder_version=&#8221;4.26.1&#8243; _module_preset=&#8221;default&#8221; global_colors_info=&#8221;{}&#8221; open=&#8221;off&#8221;]<\/p>\n<p>Our AUTOHOME roof tents are storm-proof and waterproof and offer a comfortable place to sit or lie down. We also offer various awnings that provide sufficient dry space.  These can optionally be equipped with sidewalls to create a full tent.<\/p>\n<p>And if the weather doesn&#8217;t play along &#8211; just keep driving! That&#8217;s the beauty of a vacation with the BLACKCAMP: it offers you freedom and mobility! <\/p>\n<p>[\/et_pb_accordion_item][et_pb_accordion_item title=&#8221;Can you go off-road with the BLACKCAMP?&#8221; _builder_version=&#8221;4.26.1&#8243; _module_preset=&#8221;default&#8221; global_colors_info=&#8221;{}&#8221; open=&#8221;off&#8221;]<\/p>\n<p>Absolutely yes! Our off-road mini caravans offer the best off-road capability. Choose the 14&#8243; tires which, in conjunction with the two axles, offer a very good slope angle and over 30 cm ground clearance. BLACKCAMP mini caravans are particularly suitable for off-road adventures as they are small, compact and manoeuvrable. Additionally, they impress with their excellent ground clearance.<\/p>\n<p>[\/et_pb_accordion_item][et_pb_accordion_item title=&#8221;How quickly can I set up the BLACKCAMP mini caravan?&#8221; _builder_version=&#8221;4.26.1&#8243; _module_preset=&#8221;default&#8221; global_colors_info=&#8221;{}&#8221; open=&#8221;off&#8221;]<\/p>\n<p>Experienced BLACKCAMP users need only two minutes for this! As a beginner you should reckon with 5 minutes.<\/p>\n<p>[\/et_pb_accordion_item][et_pb_accordion_item title=&#8221;Do I need a big car to tow the mini caravan?&#8221; _builder_version=&#8221;4.26.1&#8243; _module_preset=&#8221;default&#8221; global_colors_info=&#8221;{}&#8221; open=&#8221;off&#8221;]<\/p>\n<p>No, nowadays any mid-range car can tow our FREEda models, which can weigh between 750kg and 1.000kg depending on the equipment.<\/p>\n<p>[\/et_pb_accordion_item][et_pb_accordion_item title=&#8221;How many sleeping places does the BLACKCAMP offer?&#8221; _builder_version=&#8221;4.26.1&#8243; _module_preset=&#8221;default&#8221; global_colors_info=&#8221;{}&#8221; open=&#8221;off&#8221;]<\/p>\n<p>Traveling with up to 5 people is no problem. The FREEda models come with roof-top tents featuring a sleeping area of 210&#215;165 cm. Additionally, a bed can be installed inside, providing a sleeping area of 170&#215;120 cm. The FREEda XL model, on the other hand, offers an interior bed measuring 200&#215;120 cm. If this is not sufficient, other roof tents with sleeping areas of up to 200&#215;220 cm can be installed. <\/p>\n<p>[\/et_pb_accordion_item][et_pb_accordion_item title=&#8221;Why did you choose two axles?&#8221; _builder_version=&#8221;4.26.1&#8243; _module_preset=&#8221;default&#8221; global_colors_info=&#8221;{}&#8221; open=&#8221;off&#8221;]<\/p>\n<p>Installing two axles in a trailer or mini caravan has several advantages. Two axles provide more stability and a more comfortable ride. Ein weiterer Vorteil ist, dass bei zwei Achsen die hinteren St\u00fctzf\u00fc\u00dfe nicht unbedingt erforderlich sind, wenn der Mini-Caravan ohne Fahrzeug abgestellt wird.<\/p>\n<p>[\/et_pb_accordion_item][et_pb_accordion_item title=&#8221;Can I see the BLACKCAMP somewhere?&#8221; _builder_version=&#8221;4.26.1&#8243; _module_preset=&#8221;default&#8221; global_colors_info=&#8221;{}&#8221; open=&#8221;off&#8221;]<\/p>\n<p>Of course. The BLACKCAMP can be ordered directly at our factory in Boznerstr. 51, 39057 Appiano sulla Strada del Vino (Italy). Additionally, we work with various dealers across Europe. Another opportunity is offered by the many fairs we participate in. (See &#8220;Dealers  fairs&#8221;)<\/p>\n<p>[\/et_pb_accordion_item][et_pb_accordion_item title=&#8221;What is the delivery time for a FREEda or FREEda XL?&#8221; _builder_version=&#8221;4.26.1&#8243; _module_preset=&#8221;default&#8221; global_colors_info=&#8221;{}&#8221; open=&#8221;off&#8221;]<\/p>\n<p>The delivery time is about three to five months from the order. Sometimes we also have pre-built exhibition trailers that can be delivered in a few days.<\/p>\n<p>[\/et_pb_accordion_item][et_pb_accordion_item title=&#8221;Does the BLACKCAMP have fresh water?&#8221; _builder_version=&#8221;4.26.1&#8243; _module_preset=&#8221;default&#8221; global_colors_info=&#8221;{}&#8221; open=&#8221;off&#8221;]<\/p>\n<p>Yes! Both models are equipped with a 60-liter fresh water tank and a 20-liter wastewater tank. Hot water can also be installed.<\/p>\n<p>[\/et_pb_accordion_item][et_pb_accordion_item title=&#8221;How long is the warranty on the BLACKCAMP?&#8221; _builder_version=&#8221;4.26.1&#8243; _module_preset=&#8221;default&#8221; global_colors_info=&#8221;{}&#8221; open=&#8221;off&#8221;]<\/p>\n<p>The BLACKCAMP comes with a 2-year warranty from the delivery date. For electronics, we offer a 1-year warranty. Consumable parts such as brakes and tires are excluded from the warranty.<\/p>\n<p>[\/et_pb_accordion_item][et_pb_accordion_item title=&#8221;Can accessories also be retrofitted?&#8221; _builder_version=&#8221;4.27.0&#8243; _module_preset=&#8221;default&#8221; global_colors_info=&#8221;{}&#8221; open=&#8221;off&#8221;]<\/p>\n<p>Yes! Many of our accessories can be installed retroactively.<\/p>\n<p>[\/et_pb_accordion_item][et_pb_accordion_item title=&#8221;Can the BLACKCAMP mini-caravan also be rented?&#8221; _builder_version=&#8221;4.26.1&#8243; _module_preset=&#8221;default&#8221; global_colors_info=&#8221;{}&#8221; open=&#8221;off&#8221;]<\/p>\n<p>Yes, of course! You can also rent the mini caravan. You can find more information <a href=\"https:\/\/blackcamp.it\/en\/rent\/\">here<\/a>.<\/p>\n<p>[\/et_pb_accordion_item][\/et_pb_accordion][\/et_pb_column][\/et_pb_row][\/et_pb_section][et_pb_section fb_built=&#8221;1&#8243; _builder_version=&#8221;4.26.0&#8243; _module_preset=&#8221;default&#8221; background_color=&#8221;#B9A279&#8243; width=&#8221;100%&#8221; top_divider_style=&#8221;mountains2&#8243; top_divider_color=&#8221;#302D2D&#8221; top_divider_height=&#8221;150px&#8221; top_divider_repeat=&#8221;1x&#8221; top_divider_flip=&#8221;vertical&#8221; bottom_divider_color=&#8221;#302D2D&#8221; bottom_divider_flip=&#8221;vertical&#8221; border_color_all=&#8221;RGBA(255,255,255,0)&#8221; global_module=&#8221;107&#8243; saved_tabs=&#8221;all&#8221; global_colors_info=&#8221;{}&#8221; custom_margin__hover_enabled=&#8221;on|desktop&#8221;][et_pb_row _builder_version=&#8221;4.27.0&#8243; _module_preset=&#8221;default&#8221; custom_margin=&#8221;70px||-15px||false|false&#8221; custom_margin_tablet=&#8221;80px||-50px||false|false&#8221; custom_margin_phone=&#8221;70px||-50px||false|false&#8221; custom_margin_last_edited=&#8221;on|desktop&#8221; global_colors_info=&#8221;{}&#8221;][et_pb_column type=&#8221;4_4&#8243; _builder_version=&#8221;4.25.2&#8243; _module_preset=&#8221;default&#8221; global_colors_info=&#8221;{}&#8221;][et_pb_text _builder_version=&#8221;4.27.0&#8243; _module_preset=&#8221;default&#8221; text_text_color=&#8221;#FFFFFF&#8221; header_text_color=&#8221;#000000&#8243; header_2_text_align=&#8221;center&#8221; header_2_text_color=&#8221;#000000&#8243; background_layout=&#8221;dark&#8221; custom_margin_phone=&#8221;||-50px||false|false&#8221; custom_margin_last_edited=&#8221;off|desktop&#8221; custom_padding_phone=&#8221;50px||||false|false&#8221; custom_padding_last_edited=&#8221;off|desktop&#8221; scroll_scaling_enable=&#8221;on&#8221; scroll_scaling=&#8221;0|50|50|100|80%|100|100%&#8221; global_colors_info=&#8221;{}&#8221;]<\/p>\n<h2>Configure your BLACKCAMP according to your wishes<\/h2>\n<p>[\/et_pb_text][\/et_pb_column][\/et_pb_row][et_pb_row column_structure=&#8221;3_5,2_5&#8243; custom_padding_last_edited=&#8221;on|desktop&#8221; _builder_version=&#8221;4.27.0&#8243; _module_preset=&#8221;default&#8221; custom_margin_tablet=&#8221;&#8221; custom_margin_phone=&#8221;&#8221; custom_margin_last_edited=&#8221;on|phone&#8221; custom_padding=&#8221;0px||0px||false|false&#8221; custom_padding_tablet=&#8221;&#8221; custom_padding_phone=&#8221;&#8221; scroll_scaling_enable=&#8221;on&#8221; scroll_scaling=&#8221;0|50|50|100|80%|100|100&#8243; global_colors_info=&#8221;{}&#8221;][et_pb_column type=&#8221;3_5&#8243; admin_label=&#8221;Column&#8221; _builder_version=&#8221;4.25.2&#8243; _module_preset=&#8221;default&#8221; global_colors_info=&#8221;{}&#8221;][et_pb_text _builder_version=&#8221;4.27.0&#8243; _module_preset=&#8221;default&#8221; text_text_color=&#8221;#000000&#8243; custom_padding_tablet=&#8221;||||false|false&#8221; custom_padding_phone=&#8221;&#8221; custom_padding_last_edited=&#8221;on|desktop&#8221; custom_css_main_element=&#8221;color: black !important;&#8221; custom_css_free_form=&#8221;.et_pb_module.et_pb_text.et_pb_text_3.et_pb_text_align_left.et_pb_bg_layout_light p {||  color: black !important;||}&#8221; global_colors_info=&#8221;{}&#8221;]<\/p>\n<p>Whether you are a passionate hiker, a dedicated angler, or mountain biker, whether you are traveling alone, as a couple, or with your friends or your family \u2013 there is a perfect BLACKCAMP for every requirement. Our models offer a wide range of customization options so you can design your mini caravan exactly to your needs.<\/p>\n<p>[\/et_pb_text][et_pb_button button_url=&#8221;@ET-DC@eyJkeW5hbWljIjp0cnVlLCJjb250ZW50IjoicG9zdF9saW5rX3VybF9wYWdlIiwic2V0dGluZ3MiOnsicG9zdF9pZCI6IjI0NDgwOSJ9fQ==@&#8221; button_text=&#8221;Select model and configure&#8221; _builder_version=&#8221;4.27.4&#8243; _dynamic_attributes=&#8221;button_url&#8221; _module_preset=&#8221;default&#8221; custom_button=&#8221;on&#8221; button_text_color=&#8221;#892E2E&#8221; button_icon_color=&#8221;#892E2E&#8221; global_colors_info=&#8221;{}&#8221; button_border_color__hover_enabled=&#8221;on|hover&#8221; button_bg_color__hover_enabled=&#8221;on|hover&#8221; button_bg_color__hover=&#8221;rgba(137,46,46,0.3)&#8221; button_bg_enable_color__hover=&#8221;on&#8221;][\/et_pb_button][\/et_pb_column][et_pb_column type=&#8221;2_5&#8243; admin_label=&#8221;Column&#8221; _builder_version=&#8221;4.25.2&#8243; _module_preset=&#8221;default&#8221; global_colors_info=&#8221;{}&#8221;][et_pb_image src=&#8221;https:\/\/blackcamp.it\/wp-content\/uploads\/2024\/08\/BLACKCAMPConfigurator_Animation_1920x1080.gif&#8221; alt=&#8221;BLACKCAMP configurator: Animation with changing colours of the housing&#8221; title_text=&#8221;BLACKCAMPConfigurator_Animation_1920x1080&#8243; _builder_version=&#8221;4.27.0&#8243; _module_preset=&#8221;default&#8221; global_colors_info=&#8221;{}&#8221;][\/et_pb_image][\/et_pb_column][\/et_pb_row][\/et_pb_section][et_pb_section fb_built=&#8221;1&#8243; _builder_version=&#8221;4.26.0&#8243; _module_preset=&#8221;default&#8221; background_color=&#8221;#302D2D&#8221; global_colors_info=&#8221;{}&#8221;][et_pb_row _builder_version=&#8221;4.26.0&#8243; _module_preset=&#8221;default&#8221; global_colors_info=&#8221;{}&#8221;][et_pb_column type=&#8221;4_4&#8243; _builder_version=&#8221;4.26.0&#8243; _module_preset=&#8221;default&#8221; global_colors_info=&#8221;{}&#8221;][et_pb_text _builder_version=&#8221;4.27.0&#8243; _module_preset=&#8221;default&#8221; header_text_align=&#8221;center&#8221; text_orientation=&#8221;center&#8221; background_layout=&#8221;dark&#8221; global_colors_info=&#8221;{}&#8221;]<\/p>\n<h3>Do you still have questions? <\/h3>\n<p>On our contact page, you&#8217;ll find several ways to get in touch with us. Whether you have questions, need advice, want to become a distributor, or request an offer, we&#8217;re here to assist you!<\/p>\n<p>[\/et_pb_text][et_pb_button button_url=&#8221;@ET-DC@eyJkeW5hbWljIjp0cnVlLCJjb250ZW50IjoicG9zdF9saW5rX3VybF9wYWdlIiwic2V0dGluZ3MiOnsicG9zdF9pZCI6IjIzMzE4MCJ9fQ==@&#8221; button_text=&#8221;Contact us&#8221; button_alignment=&#8221;center&#8221; disabled_on=&#8221;off|off|off&#8221; _builder_version=&#8221;4.27.5&#8243; _dynamic_attributes=&#8221;button_url&#8221; _module_preset=&#8221;default&#8221; custom_margin=&#8221;||||false|false&#8221; global_module=&#8221;232846&#8243; saved_tabs=&#8221;all&#8221; global_colors_info=&#8221;{}&#8221;][\/et_pb_button][\/et_pb_column][\/et_pb_row][\/et_pb_section][et_pb_section fb_built=&#8221;1&#8243; _builder_version=&#8221;4.27.0&#8243; _module_preset=&#8221;default&#8221; background_image=&#8221;https:\/\/blackcamp.it\/wp-content\/uploads\/2024\/07\/BLACKCAMP-FREEda-Seiser-Alm-Suedtirol_2160x810.jpg&#8221; module_alignment=&#8221;center&#8221; height=&#8221;720px&#8221; height_tablet=&#8221;720px&#8221; height_phone=&#8221;720px&#8221; height_last_edited=&#8221;on|desktop&#8221; top_divider_color=&#8221;#302D2D&#8221; bottom_divider_color=&#8221;#302D2D&#8221; global_module=&#8221;232897&#8243; saved_tabs=&#8221;all&#8221; global_colors_info=&#8221;{}&#8221;][et_pb_row _builder_version=&#8221;4.25.2&#8243; _module_preset=&#8221;default&#8221; global_colors_info=&#8221;{}&#8221;][et_pb_column type=&#8221;4_4&#8243; _builder_version=&#8221;4.25.2&#8243; _module_preset=&#8221;default&#8221; global_colors_info=&#8221;{}&#8221;][et_pb_text _builder_version=&#8221;4.27.0&#8243; _module_preset=&#8221;default&#8221; text_orientation=&#8221;center&#8221; background_layout=&#8221;dark&#8221; custom_margin=&#8221;10%||||false|false&#8221; global_colors_info=&#8221;{}&#8221;]<\/p>\n<h2 style=\"text-align: center;\">Quality from South Tyrol<\/h2>\n<p>Since 1947, our third-generation family business has stood for quality, experience and flexibility. We offer our customers customised solutions and combine decades of tradition with innovation. Experience the world of BLACKCAMP and discover genuine craftsmanship from South Tyrol.<\/p>\n<p>[\/et_pb_text][et_pb_button button_url=&#8221;@ET-DC@eyJkeW5hbWljIjp0cnVlLCJjb250ZW50IjoicG9zdF9saW5rX3VybF9wYWdlIiwic2V0dGluZ3MiOnsicG9zdF9pZCI6IjIzMzE5NCJ9fQ==@&#8221; button_text=&#8221;Learn more&#8221; button_alignment=&#8221;center&#8221; _builder_version=&#8221;4.27.0&#8243; _dynamic_attributes=&#8221;button_url&#8221; _module_preset=&#8221;default&#8221; custom_button=&#8221;on&#8221; button_text_color=&#8221;#FFFFFF&#8221; button_icon_color=&#8221;#FFFFFF&#8221; global_colors_info=&#8221;{}&#8221; button_border_color__hover_enabled=&#8221;on|hover&#8221; button_bg_color__hover_enabled=&#8221;on|hover&#8221; button_bg_color__hover=&#8221;rgba(255,255,255,0.24)&#8221; button_bg_enable_color__hover=&#8221;on&#8221;][\/et_pb_button][\/et_pb_column][\/et_pb_row][\/et_pb_section]<\/p>\n","protected":false},"excerpt":{"rendered":"<p>Here you will find answers to the most frequently asked questions about the BLACKCAMP mini caravan. Whether it&#8217;s about driving licences, insurance, assembly or off-road suitability \u2013 here you will find all the important information at a glance. Get informed and prepare yourself optimally for your adventure with BLACKCAMP! &nbsp; Yes! With a regular mid-size [&hellip;]<\/p>\n","protected":false},"author":1,"featured_media":240092,"parent":0,"menu_order":0,"comment_status":"closed","ping_status":"closed","template":"","meta":{"_seopress_robots_primary_cat":"","_seopress_titles_title":"Frequently asked questions (FAQs) about BLACKCAMP mini caravans","_seopress_titles_desc":"Discover the FAQs about our mini caravans: driving licence, insurance, body and more - here you'll find all the important information at a glance!","_seopress_robots_index":"","_et_pb_use_builder":"on","_et_pb_old_content":"","_et_gb_content_width":"","footnotes":""},"class_list":["post-240668","page","type-page","status-publish","has-post-thumbnail","hentry"],"_links":{"self":[{"href":"https:\/\/blackcamp.it\/en\/wp-json\/wp\/v2\/pages\/240668","targetHints":{"allow":["GET"]}}],"collection":[{"href":"https:\/\/blackcamp.it\/en\/wp-json\/wp\/v2\/pages"}],"about":[{"href":"https:\/\/blackcamp.it\/en\/wp-json\/wp\/v2\/types\/page"}],"author":[{"embeddable":true,"href":"https:\/\/blackcamp.it\/en\/wp-json\/wp\/v2\/users\/1"}],"replies":[{"embeddable":true,"href":"https:\/\/blackcamp.it\/en\/wp-json\/wp\/v2\/comments?post=240668"}],"version-history":[{"count":13,"href":"https:\/\/blackcamp.it\/en\/wp-json\/wp\/v2\/pages\/240668\/revisions"}],"predecessor-version":[{"id":247716,"href":"https:\/\/blackcamp.it\/en\/wp-json\/wp\/v2\/pages\/240668\/revisions\/247716"}],"wp:featuredmedia":[{"embeddable":true,"href":"https:\/\/blackcamp.it\/en\/wp-json\/wp\/v2\/media\/240092"}],"wp:attachment":[{"href":"https:\/\/blackcamp.it\/en\/wp-json\/wp\/v2\/media?parent=240668"}],"curies":[{"name":"wp","href":"https:\/\/api.w.org\/{rel}","templated":true}]}}