{"id":237138,"date":"2024-07-21T11:28:13","date_gmt":"2024-07-21T11:28:13","guid":{"rendered":"https:\/\/blackcamp.it\/it_imprint\/"},"modified":"2025-02-21T01:23:06","modified_gmt":"2025-02-21T01:23:06","slug":"nota-legale","status":"publish","type":"page","link":"https:\/\/blackcamp.it\/it\/nota-legale\/","title":{"rendered":"IT_Imprint"},"content":{"rendered":"<p>[et_pb_section fb_built=&#8221;1&#8243; _builder_version=&#8221;4.25.2&#8243; _module_preset=&#8221;default&#8221; background_color=&#8221;#302D2D&#8221; global_colors_info=&#8221;{}&#8221;][et_pb_row _builder_version=&#8221;4.26.0&#8243; _module_preset=&#8221;default&#8221; global_colors_info=&#8221;{}&#8221;][et_pb_column type=&#8221;4_4&#8243; _builder_version=&#8221;4.26.0&#8243; _module_preset=&#8221;default&#8221; global_colors_info=&#8221;{}&#8221;][et_pb_heading title=&#8221;Nota legale&#8221; _builder_version=&#8221;4.26.1&#8243; _module_preset=&#8221;default&#8221; title_text_color=&#8221;#FFFFFF&#8221; title_font_size=&#8221;40px&#8221; locked=&#8221;off&#8221; global_colors_info=&#8221;{}&#8221;][\/et_pb_heading][et_pb_text _builder_version=&#8221;4.26.1&#8243; _module_preset=&#8221;default&#8221; header_text_align=&#8221;left&#8221; header_font_size=&#8221;60px&#8221; header_2_text_align=&#8221;left&#8221; header_2_font_size=&#8221;30px&#8221; header_3_text_align=&#8221;left&#8221; header_3_font_size=&#8221;24px&#8221; background_layout=&#8221;dark&#8221; global_colors_info=&#8221;{}&#8221;]<\/p>\n<h2><span><\/span><\/h2>\n<h2><span>Fornitore<\/span><strong>:<\/strong><\/h2>\n<p>Schwarz Srl<br \/>Via Bolzano 51<br \/>39057 Frangarto\/Appiano<br \/>Alto Adige (BZ)<br \/>Italia<\/p>\n<p>Telefono: +39 0471 633133<br \/>E-mail: info@schwarz.it<br \/>Mail PEC: info@pec.schwarz.it<br \/>Sito web: <a href=\"http:\/\/www.schwarz.it\">www.schwarz.it<\/a><\/p>\n<h3><strong>Iscrizione al registro delle imprese e codice fiscale:<\/strong><\/h3>\n<p>Numero di iscrizione al registro delle imprese \/ partita IVA: IT02299140216<br \/>Tribunale del registro: Camera di Commercio di Bolzano<\/p>\n<h3><strong>Informazioni legali:<\/strong><\/h3>\n<p>Rappresentante legale: Andreas Schwarz<br \/>Capitale sociale: 20.000 euro<\/p>\n<h3><strong>Responsabile del contenuto ai sensi del \u00a7 55 Abs. 2 RStV:<\/strong><\/h3>\n<p>Andreas Schwarz<\/p>\n<h3><strong>Risoluzione delle controversie:<\/strong><\/h3>\n<p>Piattaforma della Commissione UE per la risoluzione delle controversie online (piattaforma OS) per i consumatori: <a href=\"http:\/\/ec.europa.eu\/consumers\/odr\/\">http:\/\/ec.europa.eu\/consumers\/odr\/<\/a><\/p>\n<h3><strong>Fonti delle immagini:<\/strong><\/h3>\n<p>\u00a9 Schwarz Srl<\/p>\n<h2><span>Responsabile dell&#8217;ideazione e del design \/ realizzazione<\/span><strong>:<\/strong><\/h2>\n<p>Impakt Marketing di Michael Notdurfter<br \/>E-mail: <a href=\"mailto:info@impakt-marketing.com\">info@impakt-marketing.com<\/a><br \/>Sito web: <a href=\"https:\/\/impakt-marketing.com\">https:\/\/impakt-marketing.com<\/a><\/p>\n<h2><span>Esclusione di responsabilit\u00e0<\/span><strong>:<\/strong><\/h2>\n<h3><strong>Responsabilit\u00e0 per i contenuti:<\/strong><\/h3>\n<p>I contenuti del nostro sito web sono stati creati con la massima cura. Tuttavia, non possiamo accettare alcuna responsabilit\u00e0 per l&#8217;accuratezza, la completezza e l&#8217;attualit\u00e0 dei contenuti. Sono escluse richieste di responsabilit\u00e0 di qualsiasi tipo derivanti dall&#8217;uso delle informazioni fornite.<\/p>\n<h3><strong>Responsabilit\u00e0 per i link:<\/strong><\/h3>\n<p>Il nostro sito web contiene link a siti web esterni di terzi sul cui contenuto non abbiamo alcuna influenza. Il rispettivo fornitore o gestore delle pagine \u00e8 sempre responsabile del contenuto delle pagine collegate.<\/p>\n<h3><strong>Copyright:<\/strong><\/h3>\n<p>I contenuti e le opere create da Impakt Marketing e dagli operatori del sito su queste pagine sono soggetti alla legge italiana sul copyright. La riproduzione, la modifica, la distribuzione e qualsiasi tipo di utilizzo al di fuori dei limiti della legge sul copyright richiedono il consenso scritto del rispettivo autore o creatore. L&#8217;uso di immagini e grafici di questo sito web non \u00e8 consentito senza il consenso dell&#8217;azienda.<\/p>\n<p>[\/et_pb_text][\/et_pb_column][\/et_pb_row][\/et_pb_section]<\/p>\n","protected":false},"excerpt":{"rendered":"<p>Fornitore: Schwarz SrlVia Bolzano 5139057 Frangarto\/AppianoAlto Adige (BZ)Italia Telefono: +39 0471 633133E-mail: info@schwarz.itMail PEC: info@pec.schwarz.itSito web: www.schwarz.it Iscrizione al registro delle imprese e codice fiscale: Numero di iscrizione al registro delle imprese \/ partita IVA: IT02299140216Tribunale del registro: Camera di Commercio di Bolzano Informazioni legali: Rappresentante legale: Andreas SchwarzCapitale sociale: 20.000 euro Responsabile del contenuto [&hellip;]<\/p>\n","protected":false},"author":1,"featured_media":0,"parent":0,"menu_order":0,"comment_status":"closed","ping_status":"closed","template":"","meta":{"_seopress_robots_primary_cat":"","_seopress_titles_title":"Nota legale | BLACKCAMP Roulotte","_seopress_titles_desc":"Qui troverai informazioni legali sulla nostra azienda, come il proprietario e un disclaimer.","_seopress_robots_index":"","_et_pb_use_builder":"on","_et_pb_old_content":"","_et_gb_content_width":"","footnotes":""},"class_list":["post-237138","page","type-page","status-publish","hentry"],"_links":{"self":[{"href":"https:\/\/blackcamp.it\/it\/wp-json\/wp\/v2\/pages\/237138","targetHints":{"allow":["GET"]}}],"collection":[{"href":"https:\/\/blackcamp.it\/it\/wp-json\/wp\/v2\/pages"}],"about":[{"href":"https:\/\/blackcamp.it\/it\/wp-json\/wp\/v2\/types\/page"}],"author":[{"embeddable":true,"href":"https:\/\/blackcamp.it\/it\/wp-json\/wp\/v2\/users\/1"}],"replies":[{"embeddable":true,"href":"https:\/\/blackcamp.it\/it\/wp-json\/wp\/v2\/comments?post=237138"}],"version-history":[{"count":28,"href":"https:\/\/blackcamp.it\/it\/wp-json\/wp\/v2\/pages\/237138\/revisions"}],"predecessor-version":[{"id":244341,"href":"https:\/\/blackcamp.it\/it\/wp-json\/wp\/v2\/pages\/237138\/revisions\/244341"}],"wp:attachment":[{"href":"https:\/\/blackcamp.it\/it\/wp-json\/wp\/v2\/media?parent=237138"}],"curies":[{"name":"wp","href":"https:\/\/api.w.org\/{rel}","templated":true}]}}