{"id":237159,"date":"2024-07-22T00:11:25","date_gmt":"2024-07-21T23:11:25","guid":{"rendered":"https:\/\/blackcamp.it\/?page_id=237159"},"modified":"2025-06-04T07:28:25","modified_gmt":"2025-06-04T06:28:25","slug":"normativa-protezione-dei-dati","status":"publish","type":"page","link":"https:\/\/blackcamp.it\/it\/normativa-protezione-dei-dati\/","title":{"rendered":"IT_Privacy"},"content":{"rendered":"<p>[et_pb_section fb_built=&#8221;1&#8243; _builder_version=&#8221;4.25.2&#8243; _module_preset=&#8221;default&#8221; background_color=&#8221;#302D2D&#8221; global_colors_info=&#8221;{}&#8221;][et_pb_row _builder_version=&#8221;4.26.0&#8243; _module_preset=&#8221;default&#8221; global_colors_info=&#8221;{}&#8221;][et_pb_column type=&#8221;4_4&#8243; _builder_version=&#8221;4.26.0&#8243; _module_preset=&#8221;default&#8221; global_colors_info=&#8221;{}&#8221;][et_pb_heading title=&#8221;Normativa sulla protezione dei dati&#8221; _builder_version=&#8221;4.26.1&#8243; _module_preset=&#8221;default&#8221; title_text_color=&#8221;#FFFFFF&#8221; title_font_size=&#8221;40px&#8221; locked=&#8221;off&#8221; global_colors_info=&#8221;{}&#8221;][\/et_pb_heading][et_pb_text _builder_version=&#8221;4.27.0&#8243; _module_preset=&#8221;default&#8221; header_text_align=&#8221;left&#8221; header_font_size=&#8221;60px&#8221; header_2_text_align=&#8221;left&#8221; header_2_font_size=&#8221;30px&#8221; header_3_text_align=&#8221;left&#8221; header_3_font_size=&#8221;24px&#8221; background_layout=&#8221;dark&#8221; global_colors_info=&#8221;{}&#8221;]<\/p>\n<p>La protezione dei tuoi dati personali in conformit\u00e0 al GDPR 2016\/679 (General Data Protection Regulation, Regolamento generale europeo sulla protezione dei dati) \u00e8 importante per noi. Ti invitiamo a leggere la nostra normativa sulla protezione dei dati Contiene informazioni importanti su come proteggiamo i tuoi dati e sulle misure di sicurezza adottate in conformit\u00e0 alle disposizioni di legge.<\/p>\n<h2>Responsabile del trattamento dei dati<\/h2>\n<p>Il responsabile del trattamento dei dati \u00e8 Schwarz GmbH, il proprietario di questo sito web (vedi <a href=\"https:\/\/blackcamp.it\/it\/nota-legale\/\">nota legale<\/a>). Il responsabile della protezione dei dati \u00e8 Claudia Schwarz. I tuoi dati personali potranno essere trasmessi agli organi competenti in conformit\u00e0 alle leggi vigenti.<\/p>\n<h2>Raccolta e utilizzo dei dati<\/h2>\n<p>Raccogliamo e utilizziamo i dati personali che ci fornisci volontariamente, ad esempio tramite i moduli di contatto, la configurazione di BLACKCAMP, le richieste di vendita, l&#8217;iscrizione alla newsletter, le richieste di vendita, gli ordini online, nonch\u00e9 i dati tecnici e statistici che ci aiutano a ottimizzare la nostra offerta. Di seguito troverai una panoramica dei dati raccolti:<\/p>\n<h3>Dati personali<\/h3>\n<p>Tramite il modulo di contatto, i moduli di richiesta di offerte, mostre o partnership commerciali, la registrazione e\/o l&#8217;acquisto nel negozio online e il modulo di registrazione alla newsletter, raccogliamo, tra gli altri, i seguenti dati personali: Nome e cognome, indirizzo e luogo di residenza, numero di telefono, indirizzo e-mail, azienda per cui lavori o che rappresenti.<\/p>\n<h3>Dati di navigazione<\/h3>\n<p>I sistemi informatici e i programmi utilizzati per il funzionamento del sito web raccolgono dati personali nel corso del normale funzionamento, che vengono trasmessi quando vengono utilizzati i protocolli di comunicazione Internet. Si tratta di informazioni che non vengono raccolte allo scopo di identificare l&#8217;utente, ma che per loro stessa natura potrebbero, attraverso l&#8217;elaborazione e l&#8217;associazione con dati in possesso di terzi, permettere di identificare l&#8217;utente.<\/p>\n<p>Rientrano in questa categoria di dati gli indirizzi IP o i nomi a dominio dei computer utilizzati dagli utenti per connettersi al sito web, gli indirizzi in formato URI (Uniform Resource Identifier) delle risorse richieste, l&#8217;orario della richiesta, il metodo utilizzato per sottoporre la richiesta al server, la dimensione del file ottenuto in risposta, lo stato numerico della risposta del server (buon fine, errore, ecc.) e altri parametri relativi al sistema operativo e all&#8217;ambiente informatico dell&#8217;utente.<\/p>\n<p>Questi dati vengono utilizzati esclusivamente per raccogliere informazioni statistiche anonime sull&#8217;utilizzo del sito web, per monitorarne il corretto funzionamento e per fornire pubblicit\u00e0 pertinente.<\/p>\n<h3>Cookie<\/h3>\n<h4>Definizioni, caratteristiche e applicazione delle disposizioni di legge<\/h4>\n<p>I cookie sono piccoli file di testo che vengono memorizzati sul computer, sul telefono cellulare o su altri dispositivi che consentono di accedere al sito web. Vengono inviati dal sito web al browser del dispositivo dell&#8217;utente e l\u00ec memorizzati in modo da poter essere inviati nuovamente al sito web quando l&#8217;utente si ricollega.<\/p>\n<p>I cookie aiutano a personalizzare il sito web in base alle esigenze dell&#8217;utente, come ad esempio la lingua preferita o le aree di interesse, in modo che l&#8217;utente non debba selezionare pi\u00f9 volte le proprie preferenze.<\/p>\n<p>I cookie sono quindi utilizzati per l&#8217;identificazione informatica di un utente, per il monitoraggio della sessione e per la memorizzazione di informazioni sulle attivit\u00e0 e le preferenze degli utenti che visitano un sito web. I cookie possono anche contenere un numero di identificazione che segue la navigazione dell&#8217;utente e lo registra a fini promozionali o statistici. Durante la navigazione di un sito web, anche i cookie di altri siti web (i cosiddetti \u201ccookie di terze parti\u201d) possono essere memorizzati sul computer o sul cellulare dell&#8217;utente.<\/p>\n<p>Alcune operazioni non potrebbero essere eseguite correttamente senza l&#8217;uso dei cookie, in quanto alcuni di essi sono tecnicamente necessari per il funzionamento del sito web.<\/p>\n<p>I diversi tipi di cookie sono classificati in base alle loro caratteristiche e funzionalit\u00e0 e vengono memorizzati sul computer\/cellulare dell&#8217;utente per periodi di tempo diversi. I \u201ccookie persistenti\u201d vengono eliminati dopo un certo periodo di tempo quando l&#8217;utente torna sul sito web. I \u201ccookie di sessione\u201d vengono eliminati non appena l&#8217;utente chiude il browser.<\/p>\n<p>In base alla legislazione vigente in Italia, il consenso espresso dell&#8217;utente non \u00e8 sempre necessario per l&#8217;utilizzo dei cookie.<\/p>\n<p>In particolare, questo \u00e8 il caso dei \u201ccookie tecnici\u201d (utilizzati al solo fine di effettuare la trasmissione di un messaggio su una rete di comunicazione elettronica). Si tratta di cookie necessari per il funzionamento del sito web o per l&#8217;esecuzione delle azioni richieste dall&#8217;utente.<\/p>\n<p>In base al provvedimento dell&#8217;8 maggio 2014 del Garante per la protezione dei dati personali, sono considerati \u201ccookie tecnici\u201d anche i seguenti cookie, che non richiedono il consenso espresso dell&#8217;utente:<\/p>\n<ul>\n<li>Cookie cosiddetti \u201canalitici\u201d, utilizzati direttamente dal gestore del sito web per raccogliere informazioni statistiche anonime sull&#8217;utilizzo del sito e per monitorare il corretto funzionamento dello stesso e migliorare la qualit\u00e0 del servizio.<\/li>\n<li>cookie di navigazione o di sessione (utilizzati per l&#8217;autenticazione)<\/li>\n<li>Cookie necessari per la funzionalit\u00e0 del sito web (ad esempio, i cookie che salvano la lingua).<\/li>\n<li>L&#8217;utilizzo di \u201ccookie di profilazione\u201d, invece, richiede il consenso espresso dell&#8217;utente. Questi cookie vengono utilizzati per visualizzare messaggi pubblicitari che corrispondono il pi\u00f9 possibile alle caratteristiche e agli interessi dell&#8217;utente. Vengono inoltre utilizzati per limitare il numero di volte in cui un annuncio viene visualizzato, per aiutare a misurare l&#8217;efficacia delle campagne pubblicitarie e per identificare diversi profili di utenti.<\/li>\n<\/ul>\n<h4>Tipi di cookie<\/h4>\n<p>Questo sito web utilizza i seguenti tipi di cookie e ti offre la possibilit\u00e0 di attivarli\/disattivarli. Nel caso di cookie di terze parti, devi verificare l&#8217;attivazione\/disattivazione dei cookie sui rispettivi siti web di terze parti.<\/p>\n<ul>\n<li>Cookie tecnici: cookie di navigazione o di sessione necessari per il corretto funzionamento del sito web o che consentono ai visitatori di utilizzare le funzioni del sito web.<\/li>\n<li>Cookie analitici: consentono al proprietario di analizzare le funzionalit\u00e0 del sito web. Questi cookie non elaborano alcun dato dell&#8217;utente e non memorizzano alcun dato personale; le informazioni vengono memorizzate in forma anonima da questi cookie.<\/li>\n<li>Cookie di marketing: consentono al titolare di inserire pubblicit\u00e0 mirata che corrisponde agli interessi e al comportamento degli utenti. Questi cookie vengono utilizzati per ottimizzare le misure pubblicitarie e analizzare l&#8217;efficacia delle campagne di marketing. <\/li>\n<li>Cookie strettamente necessari: sono legati all&#8217;effettivo funzionamento del sito web.<\/li>\n<\/ul>\n<p>Se disattivi i cookie tecnici\/necessari, il sito web potrebbe non funzionare correttamente. Questi cookie sono essenziali per la navigazione sul sito web e per il pieno utilizzo delle sue funzioni, come l&#8217;accesso alle aree riservate. Senza questi cookie non \u00e8 possibile fornire i servizi richiesti dal cliente.<\/p>\n<ul>\n<li>Cookie di terze parti: i cookie di terze parti sono utilizzati per analizzare le fonti di traffico e il comportamento dei visitatori e per controllare l&#8217;accesso e le funzioni del sito web. I cookie di terze parti possono essere utilizzati anche per profilare gli utenti. I cookie di targeting o pubblicitari sono molto spesso legati al funzionamento del sito web di terze parti, pertanto \u00e8 necessario controllare i rispettivi siti web per avere informazioni sui cookie di terze parti e sulle loro politiche sulla privacy, nonch\u00e9 per (de)attivare tali cookie (in conformit\u00e0 con le linee guida del Garante per la protezione dei dati personali dell&#8217;8 maggio 2014). I fornitori di terze parti sono considerati responsabili del trattamento dei dati indipendenti.<\/li>\n<\/ul>\n<h4>Modifica delle impostazioni dei cookie<\/h4>\n<p>In caso di utilizzo di cookie diversi da quelli tecnici, al primo accesso al sito web deve essere presente un banner visibile (la cosiddetta informativa breve), che deve indicare essenzialmente le modalit\u00e0 di gestione dei cookie da parte del sito web, compreso un riferimento all&#8217;informativa dettagliata sulla privacy. Abbiamo predisposto il suddetto banner e abbiamo anche previsto un cookie specifico che memorizza le impostazioni relative all&#8217;installazione dei cookie per un periodo di 365 giorni. Ci\u00f2 significa che il cookie verr\u00e0 visualizzato una sola volta. Puoi modificare le impostazioni dei cookie in qualsiasi momento aprendo le <a class=\"cmplz-show-banner\">impostazioni dei cookie<\/a>. L\u00ec potrai modificare le impostazioni o revocare il tuo consenso.<\/p>\n<p>Inoltre, i diversi browser offrono metodi diversi per bloccare e cancellare i cookie utilizzati dai siti web. La maggior parte dei browser accetta automaticamente i cookie e ti permette di controllarne la maggior parte tramite le impostazioni del browser, anche se non ti viene richiesto di accettarli. I cookie possono essere disabilitati anche modificando le impostazioni del browser seguendo la procedura di configurazione di tali impostazioni. Tuttavia, ti informiamo che la disabilitazione di alcuni cookie potrebbe avere conseguenze sul funzionamento del sito web. Di seguito troverai i link ai documenti di supporto dei principali browser web che mostrano come gestire ed eliminare i cookie:<\/p>\n<ul>\n<li>Edge: <a href=\"https:\/\/support.microsoft.com\/de-de\/windows\/verwalten-von-cookies-in-microsoft-edge-anzeigen-zulassen-blockieren-l%C3%B6schen-und-verwenden-168dab11-0753-043d-7c16-ede5947fc64d\">https:\/\/support.microsoft.com\/de-de\/windows\/verwalten-von-cookies-in-microsoft-edge-anzeigen-zulassen-blockieren-l%C3%B6schen-und-verwenden-168dab11-0753-043d-7c16-ede5947fc64d<\/a><\/li>\n<li>Chrome: <a href=\"https:\/\/support.google.com\/accounts\/answer\/32050\">https:\/\/support.google.com\/accounts\/answer\/32050<\/a><\/li>\n<li>Safari: <a href=\"https:\/\/support.apple.com\/de-de\/guide\/safari\/sfri11471\/mac\">https:\/\/support.apple.com\/de-de\/guide\/safari\/sfri11471\/mac<\/a><\/li>\n<li>Firefox: <a href=\"https:\/\/support.mozilla.org\/de\/kb\/cookies-und-website-daten-in-firefox-loschen?redirectslug=delete-cookies-remove-info-websites-stored&amp;redirectlocale=en-US\">https:\/\/support.mozilla.org\/de\/kb\/cookies-und-website-daten-in-firefox-loschen?redirectslug=delete-cookies-remove-info-websites-stored&amp;redirectlocale=en-US<\/a><\/li>\n<li>Internet Explorer: <a href=\"https:\/\/support.microsoft.com\/de-de\/windows\/verwalten-von-cookies-in-microsoft-edge-anzeigen-zulassen-blockieren-l%C3%B6schen-und-verwenden-168dab11-0753-043d-7c16-ede5947fc64d\">https:\/\/support.microsoft.com\/de-de\/windows\/verwalten-von-cookies-in-microsoft-edge-anzeigen-zulassen-blockieren-l%C3%B6schen-und-verwenden-168dab11-0753-043d-7c16-ede5947fc64d<\/a><\/li>\n<\/ul>\n<p>Per il cookie di Google Analytics, puoi utilizzare la funzione di opt-out fornita da Google: <a href=\"https:\/\/tools.google.com\/dlpage\/gaoptout\">https:\/\/tools.google.com\/dlpage\/gaoptout<\/a><\/p>\n<h3>Dati personali di minori<\/h3>\n<p>In caso di trattamento di dati personali di minori, \u00e8 necessario il consenso preventivo dei genitori\/tutori legali.<\/p>\n<h3>Scopo dell&#8217;utilizzo<\/h3>\n<p>I dati da te forniti saranno trattati e utilizzati per le seguenti finalit\u00e0:<\/p>\n<h4>Acquisto online, richiesta di configurazione, richiesta di preventivo, modulo di contatto, richiesta di partnership commerciale<\/h4>\n<p>Il conferimento dei tuoi dati per acquisti online, richieste di configurazione e di preventivo, moduli di contatto, newsletter e richieste di partnership commerciali \u00e8 facoltativo. Tuttavia, senza questi dati potremmo non essere in grado di fornire i servizi richiesti. Ai sensi dell&#8217;art. 6 comma 1 lettera b) del Regolamento Generale sulla Protezione dei Dati (GDPR), il consenso al trattamento dei tuoi dati personali non \u00e8 necessario per l&#8217;adempimento di obblighi contrattuali o di misure precontrattuali. Tuttavia, ti chiediamo di non condividere con noi alcun dato personale sensibile (categorie particolari di dati personali ai sensi degli artt. 9 e 10 del Codice in materia di protezione dei dati personali). Tuttavia, hai la possibilit\u00e0 di fornire un ulteriore consenso per comunicazioni di marketing o per la profilazione dei tuoi dati.<\/p>\n<h4>Finalit\u00e0 di ricerca\/analisi statistiche<\/h4>\n<p>Potremmo utilizzare dati aggregati o anonimi senza la possibile identificazione dell&#8217;utente per misurare l&#8217;efficacia delle campagne di web marketing, tracciare il traffico e valutare l&#8217;usabilit\u00e0 e l&#8217;interesse.<\/p>\n<p>Il GDPR 2016\/679 non si applica al trattamento di dati aggregati e anonimi.<\/p>\n<h4>Adempimento di obblighi derivanti da leggi, regolamenti o disposizioni dell&#8217;UE<\/h4>\n<p>Il conferimento dei tuoi dati per la finalit\u00e0 di cui sopra \u00e8 obbligatorio. In caso contrario, il titolare del trattamento non potr\u00e0 adempiere agli obblighi previsti da leggi, regolamenti o disposizioni comunitarie. Ti ricordiamo che, ai sensi dell&#8217;art. 6 (1) (c) del Codice in materia di protezione dei dati personali, il tuo consenso al trattamento dei tuoi dati personali per questa finalit\u00e0 non \u00e8 necessario.<\/p>\n<h4>Finalit\u00e0 pubblicitarie, ad esempio newsletter<\/h4>\n<p>Se presti il tuo consenso a ricevere informazioni su attivit\u00e0 promozionali, incluse le ricerche di mercato, ti informiamo che tali attivit\u00e0 potranno essere svolte per posta, per telefono tramite un provider (\u201cmetodi tradizionali\u201d), per e-mail, SMS, notifiche push e social network (\u201cmetodi automatizzati\u201d), in conformit\u00e0 alla normativa vigente. Ti informiamo inoltre che puoi revocare il consenso precedentemente prestato per le modalit\u00e0 tradizionali o automatizzate in qualsiasi momento informando il responsabile in modo informale per iscritto via e-mail o cancellandoti dalla newsletter solo tramite il link presente alla fine di ogni newsletter. Il conferimento dei tuoi dati per la finalit\u00e0 di cui sopra \u00e8 facoltativo e richiede il tuo consenso preventivo. In assenza di tale consenso, potrai utilizzare il servizio richiesto, ma il titolare del trattamento non potr\u00e0 inviarti alcun materiale pubblicitario. Puoi ritirare il tuo consenso in qualsiasi momento per tutte queste modalit\u00e0 o solo per una o alcune di esse.<\/p>\n<h4>Partecipazione a concorsi, eventi, sondaggi e altre attivit\u00e0 proposte<\/h4>\n<p>Il conferimento dei tuoi dati per la partecipazione a concorsi, eventi, sondaggi e altre attivit\u00e0 proposte \u00e8 facoltativo, ma il mancato conferimento potrebbe comportare l&#8217;impossibilit\u00e0 di fornire i servizi richiesti. Ai sensi dell&#8217;art. 6 comma 1, lett. b) del Codice Privacy (Codice in materia di protezione dei dati personali), non ti chiediamo il consenso al trattamento dei tuoi dati personali per queste finalit\u00e0, in quanto tali dati sono utilizzati per adempiere agli obblighi derivanti da un contratto di cui sei parte e\/o per adempiere a specifiche richieste prima della conclusione del contratto.<\/p>\n<h4>Profilazione<\/h4>\n<p>Questo include, ad esempio, la creazione di profili di utenti basati su preferenze, abitudini e comportamenti di consumo utilizzando strumenti elettronici).<\/p>\n<p>La profilazione pu\u00f2 essere effettuata utilizzando cookie o altre tecnologie di profilazione online come i tracker e\/o incrociando i dati personali raccolti in relazione alla fornitura e all&#8217;utilizzo di diverse funzionalit\u00e0 da parte tua. Il conferimento dei tuoi dati per la finalit\u00e0 di cui sopra \u00e8 facoltativo e richiede il tuo preventivo consenso espresso. In assenza di tale consenso, potrai utilizzare il servizio richiesto, ma il titolare del trattamento non potr\u00e0 effettuare la profilazione o inviarti comunicazioni basate sulle tue preferenze. Ti informiamo inoltre che puoi revocare il tuo consenso alla profilazione tramite l&#8217;incrocio di informazioni o altre tecnologie di profilazione del titolare del trattamento in qualsiasi momento, informando informalmente il titolare del trattamento tramite e-mail.<\/p>\n<h2>Sicurezza dei dati<\/h2>\n<p>Adottiamo misure di sicurezza adeguate per proteggere i tuoi dati da accessi non autorizzati, perdita, uso improprio o alterazione. I tuoi dati sono archiviati in un ambiente sicuro e resi accessibili solo alle persone autorizzate.<\/p>\n<h2>Diritto di accesso<\/h2>\n<p>Hai il diritto di richiedere in qualsiasi momento l&#8217;accesso ai dati che ti riguardano, la loro rettifica, il completamento, la cancellazione o la limitazione del trattamento e di opporti al loro trattamento per motivi legittimi, nonch\u00e9 di richiederne il trasferimento a un altro titolare del trattamento. Ti risponderemo per iscritto entro 30 giorni. Puoi ritirare i consensi forniti su questo sito web in qualsiasi momento contattandoci via e-mail. Hai inoltre la possibilit\u00e0 di presentare un reclamo all&#8217;autorit\u00e0 di controllo nazionale se ritieni che i tuoi dati siano stati trattati illegalmente.<\/p>\n<p>Le richieste di informazioni devono essere inviate utilizzando il <a href=\"https:\/\/blackcamp.it\/it\/contattaci\/\">modulo di contatto<\/a>.<\/p>\n<p>[\/et_pb_text][\/et_pb_column][\/et_pb_row][\/et_pb_section]<\/p>\n","protected":false},"excerpt":{"rendered":"<p>La protezione dei tuoi dati personali in conformit\u00e0 al GDPR 2016\/679 (General Data Protection Regulation, Regolamento generale europeo sulla protezione dei dati) \u00e8 importante per noi. Ti invitiamo a leggere la nostra normativa sulla protezione dei dati Contiene informazioni importanti su come proteggiamo i tuoi dati e sulle misure di sicurezza adottate in conformit\u00e0 alle [&hellip;]<\/p>\n","protected":false},"author":1,"featured_media":0,"parent":0,"menu_order":0,"comment_status":"closed","ping_status":"closed","template":"","meta":{"_seopress_robots_primary_cat":"","_seopress_titles_title":"Normativa sulla protezione dei dati | BLACKCAMP Roulotte","_seopress_titles_desc":"Qui troverai la normativa sulla privacy di BLACKCAMP e scoprirai come proteggiamo e utilizziamo i tuoi dati personali.","_seopress_robots_index":"","_et_pb_use_builder":"on","_et_pb_old_content":"","_et_gb_content_width":"","footnotes":""},"class_list":["post-237159","page","type-page","status-publish","hentry"],"_links":{"self":[{"href":"https:\/\/blackcamp.it\/it\/wp-json\/wp\/v2\/pages\/237159","targetHints":{"allow":["GET"]}}],"collection":[{"href":"https:\/\/blackcamp.it\/it\/wp-json\/wp\/v2\/pages"}],"about":[{"href":"https:\/\/blackcamp.it\/it\/wp-json\/wp\/v2\/types\/page"}],"author":[{"embeddable":true,"href":"https:\/\/blackcamp.it\/it\/wp-json\/wp\/v2\/users\/1"}],"replies":[{"embeddable":true,"href":"https:\/\/blackcamp.it\/it\/wp-json\/wp\/v2\/comments?post=237159"}],"version-history":[{"count":14,"href":"https:\/\/blackcamp.it\/it\/wp-json\/wp\/v2\/pages\/237159\/revisions"}],"predecessor-version":[{"id":246190,"href":"https:\/\/blackcamp.it\/it\/wp-json\/wp\/v2\/pages\/237159\/revisions\/246190"}],"wp:attachment":[{"href":"https:\/\/blackcamp.it\/it\/wp-json\/wp\/v2\/media?parent=237159"}],"curies":[{"name":"wp","href":"https:\/\/api.w.org\/{rel}","templated":true}]}}