{"id":238746,"date":"2024-07-23T12:35:13","date_gmt":"2024-07-23T11:35:13","guid":{"rendered":"https:\/\/blackcamp.it\/it_rent\/"},"modified":"2025-12-12T15:04:55","modified_gmt":"2025-12-12T14:04:55","slug":"noleggio","status":"publish","type":"page","link":"https:\/\/blackcamp.it\/it\/noleggio\/","title":{"rendered":"IT_Rent"},"content":{"rendered":"<p>[et_pb_section fb_built=&#8221;1&#8243; next_background_color=&#8221;#302D2D&#8221; _builder_version=&#8221;4.27.0&#8243; _dynamic_attributes=&#8221;background_image&#8221; _module_preset=&#8221;default&#8221; background_image=&#8221;@ET-DC@eyJkeW5hbWljIjp0cnVlLCJjb250ZW50IjoicG9zdF9mZWF0dXJlZF9pbWFnZSIsInNldHRpbmdzIjp7fX0=@&#8221; background_enable_video_mp4=&#8221;off&#8221; background_enable_video_webm=&#8221;off&#8221; allow_player_pause=&#8221;on&#8221; height=&#8221;720px&#8221; height_tablet=&#8221;720px&#8221; height_phone=&#8221;500px&#8221; height_last_edited=&#8221;on|desktop&#8221; bottom_divider_style=&#8221;mountains2&#8243; bottom_divider_height=&#8221;150px&#8221; global_colors_info=&#8221;{}&#8221;][et_pb_row _builder_version=&#8221;4.25.2&#8243; _module_preset=&#8221;default&#8221; width_tablet=&#8221;&#8221; width_phone=&#8221;90%&#8221; width_last_edited=&#8221;on|phone&#8221; global_colors_info=&#8221;{}&#8221;][et_pb_column type=&#8221;4_4&#8243; _builder_version=&#8221;4.25.2&#8243; _module_preset=&#8221;default&#8221; global_colors_info=&#8221;{}&#8221;][et_pb_heading title=&#8221;Noleggia un BLACKCAMP&#8221; _builder_version=&#8221;4.27.4&#8243; _module_preset=&#8221;default&#8221; title_text_align=&#8221;center&#8221; title_font_size=&#8221;60px&#8221; custom_margin=&#8221;17.5%||||false|false&#8221; title_font_size_tablet=&#8221;60px&#8221; title_font_size_phone=&#8221;40px&#8221; title_font_size_last_edited=&#8221;on|phone&#8221; custom_css_main_element=&#8221;display: inline-block; \/* Hintergrund nur um den Text *\/||background-color: rgba(255, 255, 255, 0.5); \/* Halbtransparenter wei\u00dfer Hintergrund *\/||padding: 8px 8px; \/* Abstand oben\/unten &#038; links\/rechts *\/||text-align: center; \/* Falls mehrzeilig *\/||&#8221; custom_css_heading_container=&#8221;text-align: center; \/* Modul zentrieren *\/||&#8221; locked=&#8221;off&#8221; global_colors_info=&#8221;{}&#8221;][\/et_pb_heading][\/et_pb_column][\/et_pb_row][\/et_pb_section][et_pb_section fb_built=&#8221;1&#8243; _builder_version=&#8221;4.25.2&#8243; _module_preset=&#8221;default&#8221; background_color=&#8221;#302D2D&#8221; global_colors_info=&#8221;{}&#8221;][et_pb_row _builder_version=&#8221;4.26.0&#8243; _module_preset=&#8221;default&#8221; global_colors_info=&#8221;{}&#8221;][et_pb_column type=&#8221;4_4&#8243; _builder_version=&#8221;4.26.0&#8243; _module_preset=&#8221;default&#8221; global_colors_info=&#8221;{}&#8221;][et_pb_text _builder_version=&#8221;4.26.0&#8243; _module_preset=&#8221;default&#8221; header_font_size=&#8221;60px&#8221; header_2_text_align=&#8221;center&#8221; header_2_font_size=&#8221;30px&#8221; header_3_font_size=&#8221;24px&#8221; text_orientation=&#8221;center&#8221; background_layout=&#8221;dark&#8221; global_colors_info=&#8221;{}&#8221;]<\/p>\n<h2>Noleggia la tua mini roulotte BLACKCAMP<\/h2>\n<p>Stai pianificando un breve viaggio o una vacanza pi\u00f9 lunga con la mini roulotte BLACKCAMP? Oppure vuoi provare il BLACKCAMP prima di acquistarlo?  Nessun problema! Puoi noleggiare facilmente e semplicemente un BLACKCAMP da noi. Vivi viaggi e avventure indimenticabili con le nostre mini roulotte fuoristrada, gi\u00e0 attrezzate con tavolo da campeggio, sedie e stoviglie. <\/p>\n<p>[\/et_pb_text][\/et_pb_column][\/et_pb_row][et_pb_row column_structure=&#8221;1_4,3_4&#8243; _builder_version=&#8221;4.26.0&#8243; _module_preset=&#8221;default&#8221; custom_padding=&#8221;||6px|||&#8221; global_colors_info=&#8221;{}&#8221;][et_pb_column type=&#8221;1_4&#8243; _builder_version=&#8221;4.26.0&#8243; _module_preset=&#8221;default&#8221; global_colors_info=&#8221;{}&#8221;][et_pb_icon font_icon=&#8221;&#xf5a0;||fa||900&#8243; icon_color=&#8221;#B9A279&#8243; _builder_version=&#8221;4.26.0&#8243; _module_preset=&#8221;default&#8221; global_colors_info=&#8221;{}&#8221;][\/et_pb_icon][\/et_pb_column][et_pb_column type=&#8221;3_4&#8243; _builder_version=&#8221;4.26.0&#8243; _module_preset=&#8221;default&#8221; global_colors_info=&#8221;{}&#8221;][et_pb_text _builder_version=&#8221;4.26.0&#8243; _module_preset=&#8221;default&#8221; header_font_size=&#8221;60px&#8221; header_2_text_align=&#8221;center&#8221; header_2_font_size=&#8221;30px&#8221; header_3_font_size=&#8221;24px&#8221; background_layout=&#8221;dark&#8221; global_colors_info=&#8221;{}&#8221;]<\/p>\n<h3>Ritiro<\/h3>\n<p>Puoi ritirare il tuo BLACKCAMP direttamente da noi a Frangarto ad Appiano, dal luned\u00ec al venerd\u00ec durante i nostri orari di apertura. Al momento del ritiro ti mostreremo tutte le funzioni della nostra mini roulotte. Ti preghiamo di pianificare almeno un\u2019ora di tempo.  <\/p>\n<p>[\/et_pb_text][\/et_pb_column][\/et_pb_row][et_pb_row column_structure=&#8221;1_4,3_4&#8243; _builder_version=&#8221;4.26.0&#8243; _module_preset=&#8221;default&#8221; custom_padding=&#8221;||6px|||&#8221; global_colors_info=&#8221;{}&#8221;][et_pb_column type=&#8221;1_4&#8243; _builder_version=&#8221;4.26.0&#8243; _module_preset=&#8221;default&#8221; global_colors_info=&#8221;{}&#8221;][et_pb_icon font_icon=&#8221;&#xf53a;||fa||900&#8243; icon_color=&#8221;#B9A279&#8243; _builder_version=&#8221;4.26.0&#8243; _module_preset=&#8221;default&#8221; custom_margin=&#8221;||||false|false&#8221; custom_padding=&#8221;15%||||false|false&#8221; global_colors_info=&#8221;{}&#8221;][\/et_pb_icon][\/et_pb_column][et_pb_column type=&#8221;3_4&#8243; _builder_version=&#8221;4.26.0&#8243; _module_preset=&#8221;default&#8221; global_colors_info=&#8221;{}&#8221;][et_pb_text _builder_version=&#8221;4.27.0&#8243; _module_preset=&#8221;default&#8221; header_font_size=&#8221;60px&#8221; header_2_text_align=&#8221;center&#8221; header_2_font_size=&#8221;30px&#8221; header_3_font_size=&#8221;24px&#8221; background_layout=&#8221;dark&#8221; global_colors_info=&#8221;{}&#8221;]<\/p>\n<h3>Listino prezzi<\/h3>\n<p><span style=\"font-family: inherit; font-weight: normal;\">Qui puoi trovare i nostri prezzi di noleggio. Pi\u00f9 a lungo si viaggia, pi\u00f9 \u00e8 conveniente! <\/span><\/p>\n<ul>\n<li>Prezzo al giorno per un periodo di noleggio inferiore a una settimana: 79\u20ac IVA inclusa.<\/li>\n<li>Prezzo al giorno per periodi di noleggio superiori a una settimana: 67\u20ac IVA inclusa.<\/li>\n<li>Spese di consegna e pulizia esterna: 230\u20ac IVA inclusa.<\/li>\n<li>Deposito cauzionale: 1.500\u20ac<\/li>\n<\/ul>\n<p>[\/et_pb_text][\/et_pb_column][\/et_pb_row][et_pb_row column_structure=&#8221;1_4,3_4&#8243; _builder_version=&#8221;4.26.0&#8243; _module_preset=&#8221;default&#8221; custom_padding=&#8221;||6px|||&#8221; global_colors_info=&#8221;{}&#8221;][et_pb_column type=&#8221;1_4&#8243; _builder_version=&#8221;4.26.0&#8243; _module_preset=&#8221;default&#8221; global_colors_info=&#8221;{}&#8221;][et_pb_icon font_icon=&#8221;&#xf49e;||fa||900&#8243; icon_color=&#8221;#B9A279&#8243; _builder_version=&#8221;4.26.0&#8243; _module_preset=&#8221;default&#8221; custom_margin=&#8221;||||false|false&#8221; custom_padding=&#8221;15%||||false|false&#8221; global_colors_info=&#8221;{}&#8221;][\/et_pb_icon][\/et_pb_column][et_pb_column type=&#8221;3_4&#8243; _builder_version=&#8221;4.26.0&#8243; _module_preset=&#8221;default&#8221; global_colors_info=&#8221;{}&#8221;][et_pb_text _builder_version=&#8221;4.26.0&#8243; _module_preset=&#8221;default&#8221; header_font_size=&#8221;60px&#8221; header_2_text_align=&#8221;center&#8221; header_2_font_size=&#8221;30px&#8221; header_3_font_size=&#8221;24px&#8221; background_layout=&#8221;dark&#8221; global_colors_info=&#8221;{}&#8221;]<\/p>\n<h3>Attrezzatura<\/h3>\n<p>I nostri BLACKCAMP a noleggio sono completamente attrezzati: hanno una cucina di alta qualit\u00e0 con frigorifero, una tenda da tetto e un letto all&#8217;interno, molto spazio per riporre le cose, una grande batteria e un serbatoio d&#8217;acqua da 60 litri. Sono inclusi anche tavolo da campeggio, sedie, stoviglie e cavo di ricarica. <\/p>\n<p>[\/et_pb_text][et_pb_button button_url=&#8221;@ET-DC@eyJkeW5hbWljIjp0cnVlLCJjb250ZW50IjoicG9zdF9saW5rX3VybF9hdHRhY2htZW50Iiwic2V0dGluZ3MiOnsicG9zdF9pZCI6IjIzODkyMSJ9fQ==@&#8221; url_new_window=&#8221;on&#8221; button_text=&#8221;Attrezzatura dettagliata&#8221; button_alignment=&#8221;left&#8221; disabled_on=&#8221;off|off|off&#8221; _builder_version=&#8221;4.27.4&#8243; _dynamic_attributes=&#8221;button_url&#8221; _module_preset=&#8221;default&#8221; custom_margin=&#8221;||||false|false&#8221; global_module=&#8221;232846&#8243; saved_tabs=&#8221;all&#8221; global_colors_info=&#8221;{}&#8221;][\/et_pb_button][\/et_pb_column][\/et_pb_row][et_pb_row column_structure=&#8221;1_4,3_4&#8243; _builder_version=&#8221;4.26.0&#8243; _module_preset=&#8221;default&#8221; custom_padding=&#8221;||6px|||&#8221; global_colors_info=&#8221;{}&#8221;][et_pb_column type=&#8221;1_4&#8243; _builder_version=&#8221;4.26.0&#8243; _module_preset=&#8221;default&#8221; global_colors_info=&#8221;{}&#8221;][et_pb_icon font_icon=&#8221;&#x68;||divi||400&#8243; icon_color=&#8221;#B9A279&#8243; _builder_version=&#8221;4.26.0&#8243; _module_preset=&#8221;default&#8221; custom_margin=&#8221;||||false|false&#8221; custom_padding=&#8221;15%||||false|false&#8221; global_colors_info=&#8221;{}&#8221;][\/et_pb_icon][\/et_pb_column][et_pb_column type=&#8221;3_4&#8243; _builder_version=&#8221;4.26.0&#8243; _module_preset=&#8221;default&#8221; global_colors_info=&#8221;{}&#8221;][et_pb_text _builder_version=&#8221;4.26.0&#8243; _module_preset=&#8221;default&#8221; header_font_size=&#8221;60px&#8221; header_2_text_align=&#8221;center&#8221; header_2_font_size=&#8221;30px&#8221; header_3_font_size=&#8221;24px&#8221; background_layout=&#8221;dark&#8221; global_colors_info=&#8221;{}&#8221;]<\/p>\n<h3>Condizioni di noleggio<\/h3>\n<p>Dai un&#8217;occhiata alle nostre condizioni di noleggio e scopri tutti i dettagli importanti prima di prenotare.<\/p>\n<p>[\/et_pb_text][et_pb_button button_url=&#8221;@ET-DC@eyJkeW5hbWljIjp0cnVlLCJjb250ZW50IjoicG9zdF9saW5rX3VybF9hdHRhY2htZW50Iiwic2V0dGluZ3MiOnsicG9zdF9pZCI6IjIzMzQwMiJ9fQ==@&#8221; url_new_window=&#8221;on&#8221; button_text=&#8221;Condizioni di noleggio&#8221; button_alignment=&#8221;left&#8221; disabled_on=&#8221;off|off|off&#8221; _builder_version=&#8221;4.27.4&#8243; _dynamic_attributes=&#8221;button_url&#8221; _module_preset=&#8221;default&#8221; custom_margin=&#8221;||||false|false&#8221; global_module=&#8221;232846&#8243; saved_tabs=&#8221;all&#8221; global_colors_info=&#8221;{}&#8221;][\/et_pb_button][\/et_pb_column][\/et_pb_row][\/et_pb_section][et_pb_section fb_built=&#8221;1&#8243; _builder_version=&#8221;4.26.0&#8243; _module_preset=&#8221;default&#8221; background_color=&#8221;#302D2D&#8221; global_colors_info=&#8221;{}&#8221;][et_pb_row _builder_version=&#8221;4.26.0&#8243; _module_preset=&#8221;default&#8221; global_colors_info=&#8221;{}&#8221;][et_pb_column type=&#8221;4_4&#8243; _builder_version=&#8221;4.26.0&#8243; _module_preset=&#8221;default&#8221; global_colors_info=&#8221;{}&#8221;][et_pb_text _builder_version=&#8221;4.27.0&#8243; _module_preset=&#8221;default&#8221; header_font_size=&#8221;60px&#8221; header_2_text_align=&#8221;center&#8221; header_2_font_size=&#8221;30px&#8221; header_3_text_align=&#8221;center&#8221; header_3_font_size=&#8221;24px&#8221; text_orientation=&#8221;center&#8221; background_layout=&#8221;dark&#8221; global_colors_info=&#8221;{}&#8221;]<\/p>\n<h2>Sei interessato? Contattaci per noleggiare la tua mini roulotte BLACKCAMP! <\/h2>\n<p>Basta compilare il modulo di contatto o scriverci direttamente. Puoi anche chiamarci in qualsiasi momento o inviarci un messaggio via WhatsApp. La tua vacanza da sogno con il BLACKCAMP \u00e8 a portata di click o di telefonata!  <\/p>\n<p>[\/et_pb_text][et_pb_cta title=&#8221;Al momento non accettiamo richieste di affitto!&#8221; button_text=&#8221;Clic&#8221; _builder_version=&#8221;4.27.4&#8243; _module_preset=&#8221;default&#8221; background_color=&#8221;#892E2E&#8221; border_radii=&#8221;on|5px|5px|5px|5px&#8221; hover_enabled=&#8221;0&#8243; sticky_enabled=&#8221;0&#8243;]<\/p>\n<p>Purtroppo, fino a nuovo avviso non accettiamo pi\u00f9 richieste di affitto. <\/p>\n<p>[\/et_pb_cta][dipl_form_styler form_type=&#8221;contact_form_7&#8243; cf7_form_id=&#8221;235191&#8243; input_custom_padding=&#8221;10px|10px|10px|10px|true|true&#8221; use_custom_checkbox=&#8221;on&#8221; checkbox_bg_color=&#8221;#70871D&#8221; submit_custom_padding=&#8221;8px|10px|8px|10px|true|true&#8221; submit_bg_color=&#8221;RGBA(255,255,255,0)&#8221; _builder_version=&#8221;4.26.1&#8243; _module_preset=&#8221;default&#8221; label_text_color=&#8221;#FFFFFF&#8221; submit_button_text_text_color=&#8221;#70871D&#8221; submit_button_text_font_size=&#8221;18px&#8221; button_text_font_size=&#8221;18px&#8221; text_orientation=&#8221;left&#8221; custom_css_main_element=&#8221;color: white;&#8221; border_radii_input=&#8221;on|5px|5px|5px|5px&#8221; border_radii_checkbox=&#8221;on|3px|3px|3px|3px&#8221; border_color_all_checkbox=&#8221;#FFFFFF&#8221; border_radii_submit_button=&#8221;on|5px|5px|5px|5px&#8221; border_width_all_submit_button=&#8221;3px&#8221; border_color_all_submit_button=&#8221;#70871D&#8221; locked=&#8221;off&#8221; global_colors_info=&#8221;{}&#8221; submit_bg_color__hover=&#8221;rgba(112,135,29,0.25)&#8221; submit_bg_color__hover_enabled=&#8221;on|hover&#8221; disabled_on=&#8221;on|on|on&#8221; disabled=&#8221;on&#8221;][\/dipl_form_styler][\/et_pb_column][\/et_pb_row][et_pb_row column_structure=&#8221;1_2,1_2&#8243; _builder_version=&#8221;4.27.0&#8243; _module_preset=&#8221;default&#8221; locked=&#8221;off&#8221; global_colors_info=&#8221;{}&#8221; disabled_on=&#8221;on|on|on&#8221; disabled=&#8221;on&#8221;][et_pb_column type=&#8221;1_2&#8243; _builder_version=&#8221;4.27.0&#8243; _module_preset=&#8221;default&#8221; global_colors_info=&#8221;{}&#8221;][et_pb_icon font_icon=&#8221;&#xf232;||fa||400&#8243; icon_color=&#8221;#B9A279&#8243; url=&#8221;https:\/\/api.whatsapp.com\/send\/?phone=393762384794&amp;text&amp;type=phone_number&amp;app_absent=0&#8243; url_new_window=&#8221;on&#8221; _builder_version=&#8221;4.27.0&#8243; _module_preset=&#8221;default&#8221; global_colors_info=&#8221;{}&#8221;][\/et_pb_icon][et_pb_text _builder_version=&#8221;4.27.0&#8243; _module_preset=&#8221;default&#8221; text_orientation=&#8221;center&#8221; background_layout=&#8221;dark&#8221; link_option_url=&#8221;https:\/\/api.whatsapp.com\/send\/?phone=393762384794&amp;text&amp;type=phone_number&amp;app_absent=0&#8243; link_option_url_new_window=&#8221;on&#8221; global_colors_info=&#8221;{}&#8221;]<\/p>\n<p>Chatta su WhatsApp<\/p>\n<p>[\/et_pb_text][\/et_pb_column][et_pb_column type=&#8221;1_2&#8243; _builder_version=&#8221;4.27.0&#8243; _module_preset=&#8221;default&#8221; global_colors_info=&#8221;{}&#8221;][et_pb_icon font_icon=&#8221;&#xe090;||divi||400&#8243; icon_color=&#8221;#B9A279&#8243; url=&#8221;tel:+390471633133&#8243; url_new_window=&#8221;on&#8221; _builder_version=&#8221;4.27.0&#8243; _module_preset=&#8221;default&#8221; global_colors_info=&#8221;{}&#8221;][\/et_pb_icon][et_pb_text _builder_version=&#8221;4.27.0&#8243; _module_preset=&#8221;default&#8221; text_orientation=&#8221;center&#8221; background_layout=&#8221;dark&#8221; link_option_url=&#8221;tel:+390471633133&#8243; link_option_url_new_window=&#8221;on&#8221; global_colors_info=&#8221;{}&#8221;]<\/p>\n<p>Chiamaci<\/p>\n<p>[\/et_pb_text][\/et_pb_column][\/et_pb_row][\/et_pb_section][et_pb_section fb_built=&#8221;1&#8243; _builder_version=&#8221;4.26.0&#8243; _module_preset=&#8221;default&#8221; background_color=&#8221;#B9A279&#8243; width=&#8221;100%&#8221; top_divider_style=&#8221;mountains2&#8243; top_divider_color=&#8221;#302D2D&#8221; top_divider_height=&#8221;150px&#8221; top_divider_repeat=&#8221;1x&#8221; top_divider_flip=&#8221;vertical&#8221; bottom_divider_color=&#8221;#302D2D&#8221; bottom_divider_flip=&#8221;vertical&#8221; border_color_all=&#8221;RGBA(255,255,255,0)&#8221; global_module=&#8221;107&#8243; saved_tabs=&#8221;all&#8221; global_colors_info=&#8221;{}&#8221;][et_pb_row _builder_version=&#8221;4.27.0&#8243; _module_preset=&#8221;default&#8221; custom_margin=&#8221;70px||-15px||false|false&#8221; custom_margin_tablet=&#8221;80px||-50px||false|false&#8221; custom_margin_phone=&#8221;70px||-50px||false|false&#8221; custom_margin_last_edited=&#8221;on|desktop&#8221; global_colors_info=&#8221;{}&#8221;][et_pb_column type=&#8221;4_4&#8243; _builder_version=&#8221;4.25.2&#8243; _module_preset=&#8221;default&#8221; global_colors_info=&#8221;{}&#8221;][et_pb_text _builder_version=&#8221;4.27.0&#8243; _module_preset=&#8221;default&#8221; text_text_color=&#8221;#FFFFFF&#8221; header_text_color=&#8221;#000000&#8243; header_2_text_align=&#8221;center&#8221; header_2_text_color=&#8221;#000000&#8243; background_layout=&#8221;dark&#8221; custom_margin_phone=&#8221;||-50px||false|false&#8221; custom_margin_last_edited=&#8221;off|desktop&#8221; custom_padding_phone=&#8221;50px||||false|false&#8221; custom_padding_last_edited=&#8221;off|desktop&#8221; scroll_scaling_enable=&#8221;on&#8221; scroll_scaling=&#8221;0|50|50|100|80%|100|100%&#8221; global_colors_info=&#8221;{}&#8221;]<\/p>\n<h2>Personalizza il tuo BLACKCAMP in base ai tuoi desideri<\/h2>\n<p>[\/et_pb_text][\/et_pb_column][\/et_pb_row][et_pb_row column_structure=&#8221;3_5,2_5&#8243; custom_padding_last_edited=&#8221;on|desktop&#8221; _builder_version=&#8221;4.27.0&#8243; _module_preset=&#8221;default&#8221; custom_margin_tablet=&#8221;&#8221; custom_margin_phone=&#8221;&#8221; custom_margin_last_edited=&#8221;on|phone&#8221; custom_padding=&#8221;0px||0px||false|false&#8221; custom_padding_tablet=&#8221;&#8221; custom_padding_phone=&#8221;&#8221; scroll_scaling_enable=&#8221;on&#8221; scroll_scaling=&#8221;0|50|50|100|80%|100|100&#8243; global_colors_info=&#8221;{}&#8221;][et_pb_column type=&#8221;3_5&#8243; admin_label=&#8221;Colonna&#8221; _builder_version=&#8221;4.25.2&#8243; _module_preset=&#8221;default&#8221; global_colors_info=&#8221;{}&#8221;][et_pb_text _builder_version=&#8221;4.27.0&#8243; _module_preset=&#8221;default&#8221; text_text_color=&#8221;#000000&#8243; custom_padding_tablet=&#8221;||||false|false&#8221; custom_padding_phone=&#8221;&#8221; custom_padding_last_edited=&#8221;on|desktop&#8221; custom_css_main_element=&#8221;color: black !important;&#8221; custom_css_free_form=&#8221;.et_pb_module.et_pb_text.et_pb_text_3.et_pb_text_align_left.et_pb_bg_layout_light p {||  color: black !important;||}&#8221; global_colors_info=&#8221;{}&#8221;]<\/p>\n<p>Che tu sia un appassionato escursionista, un pescatore entusiasta o un ciclista, che tu sia da solo, in coppia, con gli amici o in famiglia \u2013 c\u2019\u00e8 il perfetto BLACKCAMP per ogni esigenza. I nostri modelli offrono un&#8217;ampia gamma di opzioni di personalizzazione per permetterti di progettare la tua mini roulotte esattamente secondo le tue esigenze.<\/p>\n<p>[\/et_pb_text][et_pb_button button_url=&#8221;@ET-DC@eyJkeW5hbWljIjp0cnVlLCJjb250ZW50IjoicG9zdF9saW5rX3VybF9wYWdlIiwic2V0dGluZ3MiOnsicG9zdF9pZCI6IjI0NDgwOSJ9fQ==@&#8221; button_text=&#8221;Seleziona modello e configura&#8221; _builder_version=&#8221;4.27.4&#8243; _dynamic_attributes=&#8221;button_url&#8221; _module_preset=&#8221;default&#8221; custom_button=&#8221;on&#8221; button_text_color=&#8221;#892E2E&#8221; button_icon_color=&#8221;#892E2E&#8221; global_colors_info=&#8221;{}&#8221; button_border_color__hover_enabled=&#8221;on|hover&#8221; button_bg_color__hover_enabled=&#8221;on|hover&#8221; button_bg_color__hover=&#8221;rgba(137,46,46,0.3)&#8221; button_bg_enable_color__hover=&#8221;on&#8221;][\/et_pb_button][\/et_pb_column][et_pb_column type=&#8221;2_5&#8243; admin_label=&#8221;Colonna&#8221; _builder_version=&#8221;4.25.2&#8243; _module_preset=&#8221;default&#8221; global_colors_info=&#8221;{}&#8221;][et_pb_image src=&#8221;https:\/\/blackcamp.it\/wp-content\/uploads\/2024\/08\/BLACKCAMPConfigurator_Animation_1920x1080.gif&#8221; alt=&#8221;Configuratore BLACKCAMP: animazione con colori variabili dell&#039;alloggiamento&#8221; title_text=&#8221;BLACKCAMPConfigurator_Animation_1920x1080&#8243; _builder_version=&#8221;4.27.0&#8243; _module_preset=&#8221;default&#8221; global_colors_info=&#8221;{}&#8221;][\/et_pb_image][\/et_pb_column][\/et_pb_row][\/et_pb_section][et_pb_section fb_built=&#8221;1&#8243; _builder_version=&#8221;4.27.0&#8243; _module_preset=&#8221;default&#8221; background_image=&#8221;https:\/\/blackcamp.it\/wp-content\/uploads\/2024\/07\/BLACKCAMP-FREEda-Seiser-Alm-Suedtirol_2160x810.jpg&#8221; module_alignment=&#8221;center&#8221; height=&#8221;720px&#8221; height_tablet=&#8221;720px&#8221; height_phone=&#8221;720px&#8221; height_last_edited=&#8221;on|desktop&#8221; top_divider_color=&#8221;#302D2D&#8221; bottom_divider_color=&#8221;#302D2D&#8221; global_module=&#8221;232897&#8243; saved_tabs=&#8221;all&#8221; global_colors_info=&#8221;{}&#8221;][et_pb_row _builder_version=&#8221;4.25.2&#8243; _module_preset=&#8221;default&#8221; global_colors_info=&#8221;{}&#8221;][et_pb_column type=&#8221;4_4&#8243; _builder_version=&#8221;4.25.2&#8243; _module_preset=&#8221;default&#8221; global_colors_info=&#8221;{}&#8221;][et_pb_text _builder_version=&#8221;4.27.0&#8243; _module_preset=&#8221;default&#8221; text_orientation=&#8221;center&#8221; background_layout=&#8221;dark&#8221; custom_margin=&#8221;10%||||false|false&#8221; global_colors_info=&#8221;{}&#8221;]<\/p>\n<h2 style=\"text-align: center;\">Qualit\u00e0 dell&#8217; Alto Adige<\/h2>\n<p>Dal 1947, la nostra azienda familiare di terza generazione \u00e8 sinonimo di qualit\u00e0, esperienza e flessibilit\u00e0. Offriamo ai nostri clienti soluzioni personalizzate e combiniamo decenni di tradizione con l&#8217;innovazione. Vivi l&#8217;esperienza del mondo BLACKCAMP e scopri l&#8217;autentico artigianato dell&#8217; Alto Adige.<\/p>\n<p>[\/et_pb_text][et_pb_button button_url=&#8221;@ET-DC@eyJkeW5hbWljIjp0cnVlLCJjb250ZW50IjoicG9zdF9saW5rX3VybF9wYWdlIiwic2V0dGluZ3MiOnsicG9zdF9pZCI6IjIzMzE5NCJ9fQ==@&#8221; button_text=&#8221;Per saperne di pi\u00f9&#8221; button_alignment=&#8221;center&#8221; _builder_version=&#8221;4.27.0&#8243; _dynamic_attributes=&#8221;button_url&#8221; _module_preset=&#8221;default&#8221; custom_button=&#8221;on&#8221; button_text_color=&#8221;#FFFFFF&#8221; button_icon_color=&#8221;#FFFFFF&#8221; global_colors_info=&#8221;{}&#8221; button_border_color__hover_enabled=&#8221;on|hover&#8221; button_bg_color__hover_enabled=&#8221;on|hover&#8221; button_bg_color__hover=&#8221;rgba(255,255,255,0.24)&#8221; button_bg_enable_color__hover=&#8221;on&#8221;][\/et_pb_button][\/et_pb_column][\/et_pb_row][\/et_pb_section]<\/p>\n","protected":false},"excerpt":{"rendered":"<p>Noleggia la tua mini roulotte BLACKCAMP Stai pianificando un breve viaggio o una vacanza pi\u00f9 lunga con la mini roulotte BLACKCAMP? Oppure vuoi provare il BLACKCAMP prima di acquistarlo? Nessun problema! Puoi noleggiare facilmente e semplicemente un BLACKCAMP da noi. Vivi viaggi e avventure indimenticabili con le nostre mini roulotte fuoristrada, gi\u00e0 attrezzate con tavolo [&hellip;]<\/p>\n","protected":false},"author":1,"featured_media":235860,"parent":0,"menu_order":0,"comment_status":"closed","ping_status":"closed","template":"","meta":{"_seopress_robots_primary_cat":"","_seopress_titles_title":"Noleggio caravan e camper BLACKCAMP | Mini roulotte BLACKCAMP","_seopress_titles_desc":"Noleggia una mini roulotte BLACKCAMP per vivere avventure indimenticabili. Ritiro flessibile, prezzi vantaggiosi e attrezzature di alta qualit\u00e0 per la tua prossima avventura. ","_seopress_robots_index":"yes","_et_pb_use_builder":"on","_et_pb_old_content":"","_et_gb_content_width":"","footnotes":""},"class_list":["post-238746","page","type-page","status-publish","has-post-thumbnail","hentry"],"_links":{"self":[{"href":"https:\/\/blackcamp.it\/it\/wp-json\/wp\/v2\/pages\/238746","targetHints":{"allow":["GET"]}}],"collection":[{"href":"https:\/\/blackcamp.it\/it\/wp-json\/wp\/v2\/pages"}],"about":[{"href":"https:\/\/blackcamp.it\/it\/wp-json\/wp\/v2\/types\/page"}],"author":[{"embeddable":true,"href":"https:\/\/blackcamp.it\/it\/wp-json\/wp\/v2\/users\/1"}],"replies":[{"embeddable":true,"href":"https:\/\/blackcamp.it\/it\/wp-json\/wp\/v2\/comments?post=238746"}],"version-history":[{"count":21,"href":"https:\/\/blackcamp.it\/it\/wp-json\/wp\/v2\/pages\/238746\/revisions"}],"predecessor-version":[{"id":247525,"href":"https:\/\/blackcamp.it\/it\/wp-json\/wp\/v2\/pages\/238746\/revisions\/247525"}],"wp:featuredmedia":[{"embeddable":true,"href":"https:\/\/blackcamp.it\/it\/wp-json\/wp\/v2\/media\/235860"}],"wp:attachment":[{"href":"https:\/\/blackcamp.it\/it\/wp-json\/wp\/v2\/media?parent=238746"}],"curies":[{"name":"wp","href":"https:\/\/api.w.org\/{rel}","templated":true}]}}