{"id":238773,"date":"2024-07-23T12:31:17","date_gmt":"2024-07-23T11:31:17","guid":{"rendered":"https:\/\/blackcamp.it\/it_general-tcs\/"},"modified":"2025-03-03T12:23:35","modified_gmt":"2025-03-03T11:23:35","slug":"condizioni-generali-vendita","status":"publish","type":"page","link":"https:\/\/blackcamp.it\/it\/condizioni-generali-vendita\/","title":{"rendered":"IT_General-T+Cs"},"content":{"rendered":"<p>[et_pb_section fb_built=&#8221;1&#8243; _builder_version=&#8221;4.25.2&#8243; _module_preset=&#8221;default&#8221; background_color=&#8221;#302D2D&#8221; global_colors_info=&#8221;{}&#8221;][et_pb_row _builder_version=&#8221;4.26.0&#8243; _module_preset=&#8221;default&#8221; global_colors_info=&#8221;{}&#8221;][et_pb_column type=&#8221;4_4&#8243; _builder_version=&#8221;4.26.0&#8243; _module_preset=&#8221;default&#8221; global_colors_info=&#8221;{}&#8221;][et_pb_heading title=&#8221;Termini e condizioni generali per i contratti di vendita&#8221; _builder_version=&#8221;4.26.1&#8243; _module_preset=&#8221;default&#8221; title_text_color=&#8221;#FFFFFF&#8221; title_font_size=&#8221;40px&#8221; global_colors_info=&#8221;{}&#8221;][\/et_pb_heading][et_pb_text _builder_version=&#8221;4.27.0&#8243; _module_preset=&#8221;default&#8221; header_text_align=&#8221;left&#8221; header_font_size=&#8221;60px&#8221; header_2_text_align=&#8221;left&#8221; header_2_font_size=&#8221;30px&#8221; header_3_text_align=&#8221;left&#8221; header_3_font_size=&#8221;24px&#8221; background_layout=&#8221;dark&#8221; global_colors_info=&#8221;{}&#8221;]<\/p>\n<h2>Ambito di applicazione<\/h2>\n<p>Le presenti Condizioni Generali non si applicano alle vendite tramite il nostro negozio online, ma ai contratti di vendita generali (offline, ad esempio l&#8217;acquisto di una mini-caravan BLACKCAMP). I termini e le condizioni generali per il negozio online sono disponibili <a href=\"https:\/\/blackcamp.it\/it\/shop-condizioni-generali\/\">qui<\/a>. <\/p>\n<h2>1. Disposizioni generali<\/h2>\n<p>1.1 I seguenti Termini e Condizioni Generali (di seguito anche \u201cCG\u201d) di Schwarz GmbH (di seguito anche \u201cSchwarz\u201d o \u201cVenditore\u201d) sono parte essenziale e integrante di tutti i contratti conclusi tra Schwarz AG in qualit\u00e0 di Venditore e l&#8217;Acquirente, un&#8217;impresa industriale o commerciale (di seguito anche \u201cCliente\u201d e \u201cContratto\u201d o \u201cContratti\u201d), per la consegna dei prodotti del Venditore (di seguito \u201cProdotti\u201d).<\/p>\n<p>1.2 Per &#8220;Impresa&#8221; (Cliente) ai sensi delle presenti CGV si intende una persona fisica o giuridica, un&#8217;unit\u00e0 aziendale o una societ\u00e0 di persone o di capitali, che, nella conclusione di negozi giuridici, agisce nell&#8217;esercizio della sua attivit\u00e0 commerciale o professionale indipendente.<\/p>\n<p>1.3 Qualora le CGV dovessero applicarsi eccezionalmente anche a negozi giuridici con i consumatori, cos\u00ec come definiti dal D.lgs. 206\/2005, saranno valide solo nella misura in cui non siano in contrasto con le disposizioni ivi previste.<\/p>\n<p>1.4 Le CGV si applicano a tutte le transazioni concluse tra il Venditore e il Cliente senza la necessit\u00e0 che vi sia un espresso richiamo alle stesse o uno specifico accordo in tal senso. Qualsiasi condizione o termine differente trova applicazione soltanto se confermato per iscritto da parte del Venditore. <\/p>\n<p>1.5 Il Venditore si riserva il diritto unilaterale di modificare, integrare o variare le CGV per esigenze produttive o per conformit\u00e0 alle norme di legge allegando tali variazioni alle offerte ovvero a qualsivoglia corrispondenza inviata per iscritto al Cliente. Tali variazioni si intenderanno come accettate dal Cliente, decorso il termine di 30 (trenta) giorni dalla data della relativa ricezione, fatta salva la facolt\u00e0 del Cliente di dichiarare per iscritto al Venditore, entro tale termine, l\u2019eventuale volont\u00e0 di non accettarle. <\/p>\n<p>1.6 Le presenti CGV possono essere visualizzate, scaricate e stampate dal Cliente in qualsiasi momento i anche dall&#8217;indirizzo web www.schwarz.it (di seguito, \u201cSito Web\u201d) nella loro versione aggiornata.<\/p>\n<p>1.7 Per quanto non disciplinato dalle presenti CGV si applicano le norme e le disposizioni del Codice Civile italiano in materia di vendita.<\/p>\n<p>1.8 Le informazioni o i dati contenuti nel Sito Web del Venditore, nel materiale pubblicitario, nei listini prezzi, nei cataloghi e in documenti analoghi, riguardanti le caratteristiche tecniche e\/o le specifiche del bene oggetto d\u2018acquisto fornito dalla societ\u00e0 Schwarz, sono vincolanti solo nella misura in cui siano espressamente richiamati nel Contratto.<\/p>\n<p>1.9 Le CGV vengono messe a disposizione del Cliente in lingua italiana e tedesca. In caso di disaccordo prevalgono su eventuali versioni tradotte in lingue diverse dal Cliente. <\/p>\n<p>1.10 Le presenti CGV si applicano esclusivamente ai Contratti che verranno conclusi sul territorio dell\u2019Unione Europea \/ In Italia, Austria e Germania.<\/p>\n<h2>2. Oggetto del contratto<\/h2>\n<p>2.1 Il Venditore \u00e8 un produttore e rivenditore di varie tipologie di rimorchi (agricoli, forestali, stradali) per trattori ed autovetture e macchine forestali e conclude i Contratti direttamente con il Cliente.<\/p>\n<p>2.2 L&#8217;oggetto di ogni Contratto concluso tra le parti verr\u00e0 indicato di volta in volta nel Contratto (in breve denominato anche &#8220;Oggetto di Vendita&#8221; o &#8220;Prodotto&#8221;).<\/p>\n<p>2.3 Il Contratto dovr\u00e0 contenere le specifiche relative al Prodotto a seconda del caso (marca, dati tecnici, attrezzatura, accessori).<\/p>\n<h2>3. Offerte e conclusione del contratto<\/h2>\n<p>3.1 Eventuali offerte presentate dal Venditore sono sempre soggette a modifiche e non sono vincolanti.<\/p>\n<p>3.2 Il Venditore si riserva il diritto di sottoporre la validit\u00e0 delle offerte e dei preventivi di spesa ad un periodo di scadenza determinato a partire dalla data di emissione. Dopo la scadenza del termine, offerta e preventivo di spesa si considerano rifiutati. <\/p>\n<p>3.3 In caso di offerta o Contratto forniti da Schwarz il Contratto si conclude mediante la conferma scritta del Cliente. La conferma d&#8217;ordine\/accettazione dell\u2019offerta o il Contratto sottoscritto possono essere trasmesse anche tramite PEC. In mancanza di accordi sussidiari o richieste specifiche, \u00e8 determinante la conferma d\u2019ordine o, a seconda del caso, il Contratto.  <\/p>\n<p>3.4 Il termine di esecuzione del Contratto inizia a decorrere dalla sottoscrizione.<\/p>\n<h2>4. Propriet\u00e1 industriale<\/h2>\n<p>4.1 Il Venditore si riserva tutti i diritti relativi alla propriet\u00e0 industriale.<\/p>\n<p>4.2 Il Cliente \u00e8 autorizzato a utilizzare la propriet\u00e0 industriale nei limiti e ai soli fini del Contratto. Qualsiasi ulteriore uso, duplicazione o accessibilit\u00e0 a terzi di questi documenti da parte del Cliente richiede l&#8217;espresso consenso scritto del Venditore. <\/p>\n<h2>5. Trasferimento del rischio<\/h2>\n<p>5.1 I Prodotti viaggiano a rischio del Cliente, se non diversamente pattuito.<\/p>\n<p>5.2 Il rischio passa al Cliente quando il Prodotto viene consegnato al Cliente o se del caso, allo spedizioniere o al vettore.<\/p>\n<h2>6. Prezzi e condizioni di pagamento<\/h2>\n<p>6.1 I prezzi indicati nelle offerte o nei preventivi di spesa sono franco fabbrica. L\u2019IVA, le spese di immatricolazione, assicurative e le eventuali spese accessorie relative al Contratto sono a carico del Cliente. <\/p>\n<p>6.2 Il Venditore ha il diritto di richiedere, al momento dell\u2019invio dell\u2019offerta o del Contratto al Cliente, il pagamento di una caparra confirmatoria pari al massimo al 30% del prezzo complessivo del Prodotto o dei Prodotti.<\/p>\n<p>6.3 Se non diversamente concordato, il saldo del prezzo \u00e8 da corrispondersi al momento della consegna del Prodotto. In caso di mancato pagamento nei tempi previsti, il Venditore ha il diritto di addebitare al Cliente gli interessi di mora corrispondenti agli interessi passivi bancari in vigore, incrementati di 3 punti percentuale. Qualora questi interessi superino il limite dell\u2019usura verr\u00e0 conteggiato il tasso d\u2019interesse pi\u00f9 alto ammissibile. I reclami non autorizzano n\u00e9 di rifiutare n\u00e9 di ritardare il pagamento.<br \/>Salvo quando precede, il mancato pagamento del prezzo nei termini dovuti conferisce al Venditore il diritto di ritenere risolto il Contratto, di ritirare il Prodotto oggetto del Contratto e di addebitare mensilmente al Cliente un\u2019indennit\u00e0 per l\u2019uso e per la svalutazione del Prodotto per il periodo intercorrente tra la consegna e la rivendita del Prodotto, pari al 10 % del prezzo pattuito.<br \/>In ogni caso, il Cliente dovr\u00e0 rispondere di tutti i danni arrecati al Prodotto.   <\/p>\n<p>6.4 I pagamenti si effettuano tramite bonifico\/versamento diretto sul conto corrente intestato al Venditore oppure a persone autorizzate che verranno previamente indicate dal Venditore.<\/p>\n<p>6.5 In caso di Contratti aventi ad oggetto Prodotti di importi economici significativi, il Venditore si riserva il diritto di richiedere il versamento di ulteriori caparre a diverse scadenze sino alla consegna completa dei Prodotti. Se il Cliente \u00e8 in mora con i suoi pagamenti parziali, il credito totale del Venditore \u00e8 immediatamente esigibile. <\/p>\n<p>6.6 Nel caso di prodotti su richiesta o aventi ad oggetto specifiche personalizzate, il Venditore si riserva il diritto di richiedere pagamenti anticipati o una garanzia di pagamento o di avviare la produzione o la prestazione del servizio solo se il Cliente ha pagato almeno il 50% del valore del Contratto.<\/p>\n<p>6.7 \u00c8 espressamente esclusa la ritenzione dei pagamenti dovuti a richieste di garanzia o altre contro-pretese non riconosciute dal Venditore, compresa la compensazione di crediti in contropartita.<\/p>\n<h2>7. Riserva di propriet\u00e1<\/h2>\n<p>7.1 Il Venditore si riserva il diritto di propriet\u00e0 del Prodotto fornito fino al completo pagamento del prezzo pattuito nel Contratto e di tutti i crediti derivanti dal rapporto commerciale in corso, spese accessorie incluse.<\/p>\n<h2>8. Condizioni di consegna, spedizione, riclami<\/h2>\n<p>8.1 L&#8217;inizio del decorso dei termini di consegna indicati o confermati dal Venditore presuppone il tempestivo, corretto e completo adempimento degli obblighi del Cliente, comprese la comunicazione dei dati tecnici e la produzione dei documenti richiesti da Schwarz.<\/p>\n<p>8.2 Salvo diverso ed esplicito accordo tra le parti, i termini di consegna sono franco fabbrica e iniziano a decorrere dal contestuale ricevimento dell\u2019importo previsto a titolo di caparra confirmatoria e di quanto previsto all\u2019art. 8.1.<\/p>\n<p>8.3 I documenti di immatricolazione dei Prodotti verranno consegnati soltanto al pagamento del saldo del prezzo stabilito nel Contratto.<\/p>\n<p>8.4 Il Venditore non risponde per ritardi nella consegna se questi non superano il limite di 60 giorni lavorativi oltre il termine di consegna convenuto nel Contratto.<\/p>\n<p>8.5 Il Venditore si riserva il diritto di ritardare la consegna, senza che il Cliente possa invocare il diritto di ottenere qualsivoglia risarcimento, qualora il termine previsto per la consegna non possa essere rispettato per ritardi imputabili ai propri fornitori di materiali e servizi per la produzione dei Prodotti oppure qualora il Cliente richieda modifiche successive o integrative dei Prodotti o in caso di forza maggiore.<\/p>\n<p>8.6 Il Cliente deve ritirare il Prodotto entro 20 giorni dal ricevimento dell\u2019avviso con cui Schwarz comunica che il Prodotto \u00e8 pronto per il ritiro. Se il Cliente rifiuta la consegna o se il ritiro avviene in ritardo il Venditore ha il diritto di addebitare al Cliente un\u2019indennit\u00e0 per sosta nella misura dell\u20191 \u2013 2,5 % sul prezzo complessivo del Contratto, oltre agli interessi e alle spese e salvo il risarcimento dei maggiori danni subiti. <\/p>\n<p>8.7 Il Venditore \u00e8 inoltre autorizzato, dopo la fissazione e la scadenza infruttuosa di un termine di 60 giorni dall\u2019avviso di ritiro, a disporre diversamente del Prodotto.<\/p>\n<p>8.8 Il Cliente deve ispezionare i Prodotti immediatamente dopo la consegna, o comunque al pi\u00f9 tardi entro 8 (otto) giorni lavorativi dalla stessa, decorsi i quali, il Cliente perde il diritto di invocare un difetto di conformit\u00e0. Eventuali difetti dovranno essere comunicati per iscritto al Venditore mediante dettagliata descrizione da inviare con raccomandata A\/R oppure via PEC. <\/p>\n<h2>9. Impossibilit\u00e1, forza maggiore<\/h2>\n<p>9.1. Qualora la consegna sia impossibile, il Cliente non ha diritto al risarcimento dei danni, a meno che il Venditore non sia responsabile diretto della mancata consegna oppure nei casi di responsabilit\u00e0 per dolo o colpa grave. <\/p>\n<p>9.2. Se la consegna viene ritardata a causa del verificarsi di circostanze imprevedibili e straordinarie, indipendentemente dal fatto che si verifichino presso il Venditore o presso un fornitore del Venditore (ad es. incendio, inondazioni, epidemie, pandemie, eventi di factum principis, sciopero, agitazione sindacale o qualunque altro incidente industriale, impedimenti inevitabili, guerra dichiarata o non dichiarata, embarghi, impedimenti giuridici o causati da provvedimenti amministrativi emessi da autorit\u00e0 governative, insurrezioni o qualunque altra causa che non sia imputabile alle parti), il termine di consegna \u00e8 prorogato in misura ragionevole a meno che la consegna o il servizio non diventi impossibile. <\/p>\n<p>9.3 In questo caso, se il termine di consegna viene prolungato o se il Venditore \u00e8 esonerato dall&#8217;obbligo di consegna, il Cliente non vanta alcun diritto al risarcimento dei danni. Se l&#8217;impedimento dura pi\u00f9 di 3 mesi, il Cliente ha il diritto, dopo aver fissato un ragionevole termine di dilazione, di recedere dal Contratto per la parte non ancora adempiuta. <\/p>\n<p>9.4 Qualora si verifichi un evento di forza maggiore come definito dall\u2019art. 9.2 alcuna delle parti potr\u00e0 essere considerata inadempiente.<\/p>\n<h2>10. Obbligo di riservatezza<\/h2>\n<p>10.1 Il Cliente si impegna per s\u00e9 e per i propri collaboratori e dipendenti e ausiliari, nonch\u00e9 per i terzi di cui si avvalga per l\u2019esecuzione del Contratto, a non divulgare e a non comunicare a terzi, i termini e le condizioni del Contratto, segreti aziendali e commerciali del Venditore, il know-how, i dati e le informazioni di qualsiasi genere o natura e in qualsiasi formato predisposti, ivi compresi a mero titolo esemplificativo, quelli relativi ai Prodotti, all\u2019organizzazione e alle strategie commerciali adottate dal Venditore che siano direttamente o indirettamente connessi con il Contratto, per tutta la durata del medesimo e successivamente alla scadenza o allo scioglimento anticipato dello stesso per il periodo di tre anni.<\/p>\n<h2>11. Garanzia \/ Tutela \/ Garanzia per vizi<\/h2>\n<p>11.1 Salvo accordi diversi, i prodotti sono garantiti sostanzialmente per 12 mesi dalla data di consegna. <br \/>Inoltre, la garanzia si applica solo alla mera fornitura di pezzi di ricambio; tutti i costi associati sono esclusi.<br \/>Per tutti i macchinari e prodotti non di produzione marchio Schwarz vale la garanzia del relativo produttore. Il Venditore risponde per tutti i difetti di materiale e di costruzione (difetti di struttura, deformazioni del telaio, rotture di assai e timoni). Tutte le componenti soggette ad usura (impianto freni, impianto elettrico, usura ruote e pianale in legno, corrosione ed elementi inerenti al traino o all\u2019asse motrice) sono escluse dalla garanzia.    <\/p>\n<p>11.2 In caso di ritardato pagamento del prezzo del Contratto il diritto di garanzia si estingue.<\/p>\n<p>11.3 In presenza di un difetto che venga denunciato tempestivamente dal Cliente e con le modalit\u00e0 di cui all\u2019art. 8.8, il Venditore ha il diritto, a sua discrezione, di scegliere se riparare o sostituire le parti (difettose) del Prodotto. Il Cliente non ha diritto di recedere dal Contratto. <\/p>\n<p>11.4 Per la riparazione o l\u2019eliminazione dei difetti il Cliente deve portare a sue spese il Prodotto presso l\u2019officina del Venditore.<\/p>\n<p>11.5 Il Venditore presta garanzia solo per quei difetti che si verificano nel rispetto delle condizioni d&#8217;utilizzo concordate. Il Venditore non \u00e8 responsabile e non presta alcuna garanzia per i difetti causati dal Cliente o da terzi a lui riconducibili, da una cattiva manutenzione, modifiche, uso improprio o riparazioni avvenute senza il consenso scritto del Venditore. <\/p>\n<p>11.6 Il Venditore non garantisce per variazioni dalla qualit\u00e0 concordata che siano minime e insignificanti, in particolare per quanto riguarda la finitura superficiale o la verniciatura. La verniciatura \u00e8 una verniciatura artigianale con possibilit\u00e0 di imperfezioni (gocce, ritocchi a pennello, ecc.) le quali non possono essere reclamate. Il Venditore \u00e8 autorizzato a variare misure e spessori nella misura massima di un +\/- 5%.  <\/p>\n<h2>12. Responsabilit\u00e0<\/h2>\n<p>12.1 Se un Prodotto \u00e8 fabbricato dal Venditore sulla base di richieste di progettazione, disegni o modelli forniti dal Cliente, la responsabilit\u00e0 e la garanzia del Venditore \u00e8 limitata. Il Venditore non presta alcuna garanzia per l\u2019accettazione di riparazioni esterne da parte di terzi, o in caso di modifiche o trasformazioni dei Prodotti o in caso di Prodotti usati. <\/p>\n<p>12.3 Salvo diversi accordi, il Venditore non sar\u00e0 responsabile nei confronti del Cliente per qualsiasi danno che non sia insito nel Prodotto stesso, per perdita di produzione del Cliente, perdita di profitto, danni consequenziali, perdita di contratti o per qualsiasi altra perdita consequenziale o indiretta derivante da o in relazione al Prodotto.<\/p>\n<p>12.4 Il Venditore \u00e8 esonerato da qualsiasi responsabilit\u00e0 relativa all\u2019iscrizione o cancellazione dei Prodotti agli uffici competenti (UMA, Motorizzazione, CPA, ecc.).<\/p>\n<h2>13. Protezione dei dati<\/h2>\n<p>13.1 Il Venditore garantisce la trasmissione sicura dei dati e la tutela della privacy del Cliente. I dati personali saranno pertanto trattati in modo confidenziale e in conformit\u00e0 alle disposizioni di legge. I dati del Cliente vengono utilizzati esclusivamente per l&#8217;adempimento del Contratto.  <\/p>\n<p>13.2 I dati del Cliente non saranno trasmessi a terzi, a meno che non siano assolutamente necessari per l&#8217;adempimento del Contratto. Il Cliente pu\u00f2 opporsi all\u2019uso dei dati da parte del Venditore in caso di violazione di interessi di segretezza predominanti. Tutti gli agenti e collaboratori del Venditore sono obbligati a rispettare la legge sulla protezione dei dati personali.  <\/p>\n<p>13.3 Con la sottoscrizione delle presenti CGV, le parti dichiarano di essere autonome titolari dei dati personali di cui sono venuti in possesso a seguito dell&#8217;esecuzione dei contratti disciplinati dalle CGV e si impegnano a trattare tali dati in conformit\u00e0 a quanto previsto dall&#8217;Informativa generale sulla privacy n. 2016\/279 e dal D.Lgs. 196\/2003 e per le finalit\u00e0 necessarie alla corretta prestazione dei servizi di cui alle presenti CGV.<\/p>\n<p>13.4 Ai sensi dell&#8217;art. 13 del Regolamento (UE) 2016\/679 e per le finalit\u00e0 di cui all&#8217;art. 7 e seguenti del medesimo Regolamento UE, con la sottoscrizione delle presenti CGV, il Cliente acconsente al trattamento dei dati personali con le modalit\u00e0 e nei limiti pubblicati nella Privacy Policy pubblicata sul Sito Web.<\/p>\n<p>13.5 L&#8217;informativa dettagliata sulla privacy \u00e8 disponibile <a href=\"https:\/\/blackcamp.it\/it\/normativa-protezione-dei-dati\/\">qui<\/a>.<\/p>\n<h2>14. Legge applicabile<\/h2>\n<p>14.1 Tutti i rapporti giuridici tra le parti sono disciplinati esclusivamente dal diritto italiano, con esclusione dell&#8217;applicazione della Convenzione del 1980 sulla vendita internazionale di beni mobili (detta anche &#8220;CISG&#8221; o &#8220;Convenzione delle Nazioni Unite sulle vendite&#8221;).<\/p>\n<p>14.2 Se il Cliente \u00e8 un Consumatore, si applicano anche le disposizioni imperative del Codice del Consumo.<\/p>\n<h2>15. Foro competente<\/h2>\n<p>15.1 Salvo norme inderogabili, per qualsiasi controversia tra le parti derivante dall\u2019interpretazione, validit\u00e0 o esecuzione delle presenti CGV e dei relativi contratti, il foro competente esclusivo \u00e8 il Tribunale di Bolzano.<\/p>\n<h2>16. Disposizioni finali<\/h2>\n<p>16.1 Le presenti CGV sostituiscono tutti i precedenti accordi verbali e scritti tra le parti.<\/p>\n<p>16.2 L\u2019invalidit\u00e0 in tutto o in parte di singole disposizioni delle presenti CGV non inficia la validit\u00e0 delle restanti previsioni. Al posto della disposizione non valida, si considera concordata una disposizione che si avvicini il pi\u00f9 possibile a quanto previsto dalle parti in base al significato e allo scopo originario della disposizione non valida. <\/p>\n<p>16.3 Le notifiche, le dichiarazioni e le notifiche di recesso previste dalle presenti CGV devono essere effettuate secondo le formalit\u00e0 qui previste e all&#8217;ultimo indirizzo notificato per iscritto dall&#8217;altra parte.<\/p>\n<p>16.4 Le parti convengono e si impegnano a mantenere riservate e segrete tutte le informazioni di natura confidenziale e a non utilizzarle per propri scopi senza il previo consenso scritto dell&#8217;altra parte, a meno che le informazioni non siano di dominio pubblico.<\/p>\n<p>16.5 Qualsiasi comportamento delle parti che si discosti dalle presenti CGV non modifica n\u00e9 annulla i diritti e gli obblighi concordati, n\u00e9 crea nuovi diritti e obblighi.<\/p>\n<p>Il Cliente ______________ <br \/>Data\/luogo ______________ _______________<br \/>Firma _______________ _______________<\/p>\n<p>Il Venditore<br \/>Data\/luogo ______________ _______________<br \/>Firma _______________ _______________<\/p>\n<p>Il Cliente dichiara che, con riferimento agli articoli 1341 e 1342 del Codice Civile, ha compreso ed accetta in particolare le seguenti clausole delle presenti CGV: <br \/>Art. 1.4, 1.5, 1.8., 1.9 (Disposizioni generali); <br \/>Art. 3.1, 3.2, 3.3, 3.4 (Oggetto del contratto); <br \/>Art. 4.2. (Propriet\u00e0 industriale); <br \/>Art. 5.1, 5.2 (Trasferimento del rischio); <br \/>Art. 6.1, 6.2, 6.3., 6.4., 6.5., 6.6., 6.7. (Prezzi e Condizioni di pagamento); <br \/>Art. 7.1. (Riserva di propriet\u00e0); <br \/>Art. 8.1, 8.2, 8.3., 8.4., 8.5., 8.6., 8.7., 8.8. (Condizioni di consegna\/Spedizione\/Reclami); <br \/>Art. 9.1., 9.2., 9.3. (Impossibilit\u00e0, forza maggiore);<br \/>Art. 10.1 (Obbligo di riservatezza) <br \/>Art. 11.2, 11.3, 11.4, 11.6 (Garanzia, Tutela, Garanzia per vizi) <br \/>Art. 12.1, 12.2, 12.3, 12.4 (Responsabilit\u00e0) <br \/>Art. 14.1 (Legge applicabile)<br \/>Art. 15.1 (Foro competente).   <\/p>\n<p>Il Cliente <br \/>Data\/luogo ______________ _______________<br \/>Firma_______________ _______________<\/p>\n<p>[\/et_pb_text][\/et_pb_column][\/et_pb_row][\/et_pb_section]<\/p>\n","protected":false},"excerpt":{"rendered":"<p>Ambito di applicazione Le presenti Condizioni Generali non si applicano alle vendite tramite il nostro negozio online, ma ai contratti di vendita generali (offline, ad esempio l&#8217;acquisto di una mini-caravan BLACKCAMP). I termini e le condizioni generali per il negozio online sono disponibili qui. 1. Disposizioni generali 1.1 I seguenti Termini e Condizioni Generali (di [&hellip;]<\/p>\n","protected":false},"author":1,"featured_media":0,"parent":0,"menu_order":0,"comment_status":"closed","ping_status":"closed","template":"","meta":{"_seopress_robots_primary_cat":"","_seopress_titles_title":"Condizioni generali di contratto e di vendita di BLACKCAMP","_seopress_titles_desc":"Dai un'occhiata ai nostri termini e condizioni generali per le mini caravan BLACKCAMP e altri prodotti BLACKCAMP.","_seopress_robots_index":"","_et_pb_use_builder":"on","_et_pb_old_content":"","_et_gb_content_width":"","footnotes":""},"class_list":["post-238773","page","type-page","status-publish","hentry"],"_links":{"self":[{"href":"https:\/\/blackcamp.it\/it\/wp-json\/wp\/v2\/pages\/238773","targetHints":{"allow":["GET"]}}],"collection":[{"href":"https:\/\/blackcamp.it\/it\/wp-json\/wp\/v2\/pages"}],"about":[{"href":"https:\/\/blackcamp.it\/it\/wp-json\/wp\/v2\/types\/page"}],"author":[{"embeddable":true,"href":"https:\/\/blackcamp.it\/it\/wp-json\/wp\/v2\/users\/1"}],"replies":[{"embeddable":true,"href":"https:\/\/blackcamp.it\/it\/wp-json\/wp\/v2\/comments?post=238773"}],"version-history":[{"count":14,"href":"https:\/\/blackcamp.it\/it\/wp-json\/wp\/v2\/pages\/238773\/revisions"}],"predecessor-version":[{"id":244847,"href":"https:\/\/blackcamp.it\/it\/wp-json\/wp\/v2\/pages\/238773\/revisions\/244847"}],"wp:attachment":[{"href":"https:\/\/blackcamp.it\/it\/wp-json\/wp\/v2\/media?parent=238773"}],"curies":[{"name":"wp","href":"https:\/\/api.w.org\/{rel}","templated":true}]}}