{"id":240671,"date":"2024-08-27T13:21:49","date_gmt":"2024-08-27T12:21:49","guid":{"rendered":"https:\/\/blackcamp.it\/?page_id=240671"},"modified":"2026-01-19T16:08:51","modified_gmt":"2026-01-19T15:08:51","slug":"domande-frequenti","status":"publish","type":"page","link":"https:\/\/blackcamp.it\/it\/domande-frequenti\/","title":{"rendered":"IT_FAQs"},"content":{"rendered":"<p>[et_pb_section fb_built=&#8221;1&#8243; next_background_color=&#8221;#302D2D&#8221; _builder_version=&#8221;4.27.0&#8243; _dynamic_attributes=&#8221;background_image&#8221; _module_preset=&#8221;default&#8221; background_image=&#8221;@ET-DC@eyJkeW5hbWljIjp0cnVlLCJjb250ZW50IjoicG9zdF9mZWF0dXJlZF9pbWFnZSIsInNldHRpbmdzIjp7fX0=@&#8221; background_enable_video_mp4=&#8221;off&#8221; background_enable_video_webm=&#8221;off&#8221; allow_player_pause=&#8221;on&#8221; height=&#8221;720px&#8221; height_tablet=&#8221;720px&#8221; height_phone=&#8221;500px&#8221; height_last_edited=&#8221;on|phone&#8221; bottom_divider_style=&#8221;mountains2&#8243; bottom_divider_height=&#8221;150px&#8221; locked=&#8221;off&#8221; global_colors_info=&#8221;{}&#8221;][et_pb_row admin_label=&#8221;Riga&#8221; _builder_version=&#8221;4.26.0&#8243; _module_preset=&#8221;default&#8221; width_tablet=&#8221;&#8221; width_phone=&#8221;90%&#8221; width_last_edited=&#8221;on|phone&#8221; global_colors_info=&#8221;{}&#8221;][et_pb_column type=&#8221;4_4&#8243; _builder_version=&#8221;4.25.2&#8243; _module_preset=&#8221;default&#8221; global_colors_info=&#8221;{}&#8221;][et_pb_heading title=&#8221;Domande frequenti (FAQ)&#8221; _builder_version=&#8221;4.27.4&#8243; _module_preset=&#8221;default&#8221; title_text_align=&#8221;center&#8221; title_font_size=&#8221;60px&#8221; custom_margin=&#8221;17.5%||||false|false&#8221; title_font_size_tablet=&#8221;60px&#8221; title_font_size_phone=&#8221;40px&#8221; title_font_size_last_edited=&#8221;on|phone&#8221; custom_css_main_element=&#8221;display: inline-block; \/* Hintergrund nur um den Text *\/||background-color: rgba(255, 255, 255, 0.5); \/* Halbtransparenter wei\u00dfer Hintergrund *\/||padding: 8px 8px; \/* Abstand oben\/unten &#038; links\/rechts *\/||text-align: center; \/* Falls mehrzeilig *\/||&#8221; custom_css_heading_container=&#8221;text-align: center; \/* Modul zentrieren *\/||&#8221; locked=&#8221;off&#8221; global_colors_info=&#8221;{}&#8221;][\/et_pb_heading][\/et_pb_column][\/et_pb_row][\/et_pb_section][et_pb_section fb_built=&#8221;1&#8243; _builder_version=&#8221;4.26.0&#8243; _module_preset=&#8221;default&#8221; background_color=&#8221;#302D2D&#8221; global_colors_info=&#8221;{}&#8221;][et_pb_row _builder_version=&#8221;4.26.0&#8243; _module_preset=&#8221;default&#8221; global_colors_info=&#8221;{}&#8221;][et_pb_column type=&#8221;4_4&#8243; _builder_version=&#8221;4.26.0&#8243; _module_preset=&#8221;default&#8221; global_colors_info=&#8221;{}&#8221;][et_pb_text _builder_version=&#8221;4.27.0&#8243; _module_preset=&#8221;default&#8221; text_orientation=&#8221;center&#8221; background_layout=&#8221;dark&#8221; global_colors_info=&#8221;{}&#8221;]<\/p>\n<p>Qui trovi le risposte alle domande pi\u00f9 frequenti sulla mini roulotte BLACKCAMP. Che si tratti della patente di guida, dell&#8217;assicurazione, del montaggio o dell&#8217;idoneit\u00e0 al fuoristrada, qui trovi tutte le informazioni importanti a colpo d&#8217;occhio. Informati e preparati al meglio per la tua avventura con BLACKCAMP!  <\/p>\n<p>[\/et_pb_text][et_pb_accordion _builder_version=&#8221;4.27.0&#8243; _module_preset=&#8221;default&#8221; global_colors_info=&#8221;{}&#8221;][et_pb_accordion_item title=&#8221;La patente di guida B \u00e8 sufficiente per trainare la mini roulotte?&#8221; open=&#8221;on&#8221; _builder_version=&#8221;4.26.1&#8243; _module_preset=&#8221;default&#8221; global_colors_info=&#8221;{}&#8221;]<\/p>\n<p>&nbsp;<\/p>\n<p>S\u00ec! Con un&#8217;auto di classe media \u00e8 possibile trainare il BLACKCAMP con la patente di guida di classe B. Si pu\u00f2 trainare un peso complessivo fino a 3.500 kg (auto + rimorchio). Offriamo le nostre mini roulotte BLACKCAMP con diversi pesi totali: 750 kg, 950 kg, 1100 kg, 1200 kg, 1300 kg, 1500 kg e 1600 kg.<\/p>\n<p>[\/et_pb_accordion_item][et_pb_accordion_item title=&#8221;La mini roulotte ha bisogno di un&apos;assicurazione propria?&#8221; _builder_version=&#8221;4.26.1&#8243; _module_preset=&#8221;default&#8221; global_colors_info=&#8221;{}&#8221; open=&#8221;off&#8221;]<\/p>\n<p>Se agganciata all&#8217;auto, la mini roulotte \u00e8 coperta dalla stessa assicurazione dell&#8217;auto! Se invece la mini roulotte viene parcheggiata senza l&#8217;auto, \u00e8 necessaria un&#8217;assicurazione stazionaria.<\/p>\n<p>[\/et_pb_accordion_item][et_pb_accordion_item title=&#8221;Cosa faccio con il BLACKCAMP se piove?&#8221; _builder_version=&#8221;4.26.1&#8243; _module_preset=&#8221;default&#8221; global_colors_info=&#8221;{}&#8221; open=&#8221;off&#8221;]<\/p>\n<p>Le nostre tende da tetto AUTOHOME sono impermeabili e offrono un luogo accogliente dove sedersi o sdraiarsi. Offriamo anche diverse tendalini che offrono uno spazio al coperto.  Queste possono essere dotate di pareti laterali per creare un vero e proprio tendalino.<\/p>\n<p>E se il tempo \u00e8 veramente brutto, continua a viaggiare! Questo \u00e8 il bello di una vacanza con il BLACKCAMP: ti offre libert\u00e0 e mobilit\u00e0! <\/p>\n<p>[\/et_pb_accordion_item][et_pb_accordion_item title=&#8221;Si pu\u00f2 viaggiare anche in fuoristrada con il BLACKCAMP?&#8221; _builder_version=&#8221;4.26.1&#8243; _module_preset=&#8221;default&#8221; global_colors_info=&#8221;{}&#8221; open=&#8221;off&#8221;]<\/p>\n<p>Assolutamente s\u00ec! Le nostre mini roulotte fuoristrada offrono la migliore capacit\u00e0 di guida su terreni accidentati. Scegli gli pneumatici da 14&#8243; che, insieme ai due assi, offrono un ottimo angolo di attacco e oltre 30 cm di altezza da terra. Le mini roulotte BLACKCAMP sono particolarmente adatte alle avventure fuoristrada, poich\u00e9 sono piccole, compatte e maneggevoli. Inoltre, si distinguono per l&#8217;eccellente altezza da terra.<\/p>\n<p>[\/et_pb_accordion_item][et_pb_accordion_item title=&#8221;Quanto tempo ci vuole per montare la mini roulotte BLACKCAMP?&#8221; _builder_version=&#8221;4.26.1&#8243; _module_preset=&#8221;default&#8221; global_colors_info=&#8221;{}&#8221; open=&#8221;off&#8221;]<\/p>\n<p>Gli esperti di BLACKCAMP impiegano solo due minuti! Se sei un principiante, dovresti contare su 5 minuti.<\/p>\n<p>[\/et_pb_accordion_item][et_pb_accordion_item title=&#8221;Ho bisogno di una grande auto per trainare la mini roulotte?&#8221; _builder_version=&#8221;4.26.1&#8243; _module_preset=&#8221;default&#8221; global_colors_info=&#8221;{}&#8221; open=&#8221;off&#8221;]<\/p>\n<p>No, al giorno d&#8217;oggi qualsiasi auto di fascia media pu\u00f2 trainare i nostri modelli FREEda, che possono pesare tra i 750 kg e i 1.000 kg a seconda dell&#8217;equipaggiamento.<\/p>\n<p>[\/et_pb_accordion_item][et_pb_accordion_item title=&#8221;Quanti posti letto offre il BLACKCAMP?&#8221; _builder_version=&#8221;4.26.1&#8243; _module_preset=&#8221;default&#8221; global_colors_info=&#8221;{}&#8221; open=&#8221;off&#8221;]<\/p>\n<p>Viaggiare con un massimo di 5 persone non \u00e8 un problema. Il modello FREEda dispone di una superficie di riposo standard di 210&#215;165 cm nella tenda da tetto. Inoltre, pu\u00f2 essere installato un letto all&#8217;interno, che offre 170&#215;120 cm di spazio. Il modello FREEda XL, invece, offre 200&#215;120 cm spazio nel letto interno. Se questo non \u00e8 sufficiente, \u00e8 possibile installare altre tende da tetto con pi\u00f9 spazio fino a 200&#215;220 cm. <\/p>\n<p>[\/et_pb_accordion_item][et_pb_accordion_item title=&#8221;Perch\u00e9 abbiamo scelto due assi?&#8221; _builder_version=&#8221;4.26.1&#8243; _module_preset=&#8221;default&#8221; global_colors_info=&#8221;{}&#8221; open=&#8221;off&#8221;]<\/p>\n<p>L&#8217;installazione di due assi in un rimorchio o in una mini roulotte presenta diversi vantaggi. Due assi garantiscono maggiore stabilit\u00e0 e una guida pi\u00f9 confortevole. Un ulteriore vantaggio \u00e8 che con due assi i piedini di supporto posteriori non sono indispensabili quando la mini roulotte viene parcheggiata senza veicolo.<\/p>\n<p>[\/et_pb_accordion_item][et_pb_accordion_item title=&#8221;Posso vedere il BLACKCAMP da qualche parte?&#8221; _builder_version=&#8221;4.26.1&#8243; _module_preset=&#8221;default&#8221; global_colors_info=&#8221;{}&#8221; open=&#8221;off&#8221;]<\/p>\n<p>Certo. Il BLACKCAMP pu\u00f2 essere ordinato direttamente presso la nostra fabbrica in Via Bolzano 51, 39057 Appiano sulla Strada del Vino (Italia). Inoltre, collaboriamo con diversi rivenditori in Europa. Un&#8217;altra opportunit\u00e0 \u00e8 rappresentata dalle numerose fiere a cui partecipiamo. (Vedi &#8220;Rivenditori e fiere&#8221;)<\/p>\n<p>[\/et_pb_accordion_item][et_pb_accordion_item title=&#8221;Qual \u00e8 il tempo di consegna di FREEda e FREEda XL dopo l&apos;ordine?&#8221; _builder_version=&#8221;4.26.1&#8243; _module_preset=&#8221;default&#8221; global_colors_info=&#8221;{}&#8221; open=&#8221;off&#8221;]<\/p>\n<p>Il tempo di consegna \u00e8 di circa tre-cinque mesi dall&#8217;ordine. A volte abbiamo anche mini roulotte da esposizione pronte per essere consegnate in pochi giorni.<\/p>\n<p>[\/et_pb_accordion_item][et_pb_accordion_item title=&#8221;Il BLACKCAMP ha acqua potabile?&#8221; _builder_version=&#8221;4.26.1&#8243; _module_preset=&#8221;default&#8221; global_colors_info=&#8221;{}&#8221; open=&#8221;off&#8221;]<\/p>\n<p>S\u00ec! Entrambi i modelli sono dotati di un serbatoio d&#8217;acqua potabile da 60 litri e di un serbatoio d&#8217;acqua di scarico da 20 litri. Su richiesta, pu\u00f2 essere installata anche l&#8217;acqua calda.<\/p>\n<p>[\/et_pb_accordion_item][et_pb_accordion_item title=&#8221;Quanto dura la garanzia sul BLACKCAMP?&#8221; _builder_version=&#8221;4.26.1&#8243; _module_preset=&#8221;default&#8221; global_colors_info=&#8221;{}&#8221; open=&#8221;off&#8221;]<\/p>\n<p>Il BLACKCAMP ha una garanzia di 2 anni dalla data di consegna. Per l&#8217;elettronica offriamo 1 anno di garanzia. Sono esclusi dalla garanzia i componenti soggetti a usura come freni e pneumatici.<\/p>\n<p>[\/et_pb_accordion_item][et_pb_accordion_item title=&#8221;\u00c8 possibile aggiungere accessori in un secondo momento?&#8221; _builder_version=&#8221;4.27.0&#8243; _module_preset=&#8221;default&#8221; global_colors_info=&#8221;{}&#8221; open=&#8221;off&#8221;]<\/p>\n<p>S\u00ec! Molti dei nostri accessori possono essere installati anche successivamente.<\/p>\n<p>[\/et_pb_accordion_item][et_pb_accordion_item title=&#8221;\u00c8 possibile noleggiare la mini roulotte BLACKCAMP?&#8221; _builder_version=&#8221;4.26.1&#8243; _module_preset=&#8221;default&#8221; global_colors_info=&#8221;{}&#8221; open=&#8221;off&#8221;]<\/p>\n<p>S\u00ec, certo! \u00c8 anche possibile noleggiare la mini roulotte. <a href=\"https:\/\/blackcamp.it\/it\/noleggio\/\">Qui<\/a> trovi maggiori informazioni al riguardo.<\/p>\n<p>[\/et_pb_accordion_item][\/et_pb_accordion][\/et_pb_column][\/et_pb_row][\/et_pb_section][et_pb_section fb_built=&#8221;1&#8243; _builder_version=&#8221;4.26.0&#8243; _module_preset=&#8221;default&#8221; background_color=&#8221;#B9A279&#8243; width=&#8221;100%&#8221; top_divider_style=&#8221;mountains2&#8243; top_divider_color=&#8221;#302D2D&#8221; top_divider_height=&#8221;150px&#8221; top_divider_repeat=&#8221;1x&#8221; top_divider_flip=&#8221;vertical&#8221; bottom_divider_color=&#8221;#302D2D&#8221; bottom_divider_flip=&#8221;vertical&#8221; border_color_all=&#8221;RGBA(255,255,255,0)&#8221; global_module=&#8221;107&#8243; saved_tabs=&#8221;all&#8221; global_colors_info=&#8221;{}&#8221; custom_margin__hover_enabled=&#8221;on|desktop&#8221;][et_pb_row _builder_version=&#8221;4.27.0&#8243; _module_preset=&#8221;default&#8221; custom_margin=&#8221;70px||-15px||false|false&#8221; custom_margin_tablet=&#8221;80px||-50px||false|false&#8221; custom_margin_phone=&#8221;70px||-50px||false|false&#8221; custom_margin_last_edited=&#8221;on|desktop&#8221; global_colors_info=&#8221;{}&#8221;][et_pb_column type=&#8221;4_4&#8243; _builder_version=&#8221;4.25.2&#8243; _module_preset=&#8221;default&#8221; global_colors_info=&#8221;{}&#8221;][et_pb_text _builder_version=&#8221;4.27.0&#8243; _module_preset=&#8221;default&#8221; text_text_color=&#8221;#FFFFFF&#8221; header_text_color=&#8221;#000000&#8243; header_2_text_align=&#8221;center&#8221; header_2_text_color=&#8221;#000000&#8243; background_layout=&#8221;dark&#8221; custom_margin_phone=&#8221;||-50px||false|false&#8221; custom_margin_last_edited=&#8221;off|desktop&#8221; custom_padding_phone=&#8221;50px||||false|false&#8221; custom_padding_last_edited=&#8221;off|desktop&#8221; scroll_scaling_enable=&#8221;on&#8221; scroll_scaling=&#8221;0|50|50|100|80%|100|100%&#8221; global_colors_info=&#8221;{}&#8221;]<\/p>\n<h2>Personalizza il tuo BLACKCAMP in base ai tuoi desideri<\/h2>\n<p>[\/et_pb_text][\/et_pb_column][\/et_pb_row][et_pb_row column_structure=&#8221;3_5,2_5&#8243; custom_padding_last_edited=&#8221;on|desktop&#8221; _builder_version=&#8221;4.27.0&#8243; _module_preset=&#8221;default&#8221; custom_margin_tablet=&#8221;&#8221; custom_margin_phone=&#8221;&#8221; custom_margin_last_edited=&#8221;on|phone&#8221; custom_padding=&#8221;0px||0px||false|false&#8221; custom_padding_tablet=&#8221;&#8221; custom_padding_phone=&#8221;&#8221; scroll_scaling_enable=&#8221;on&#8221; scroll_scaling=&#8221;0|50|50|100|80%|100|100&#8243; global_colors_info=&#8221;{}&#8221;][et_pb_column type=&#8221;3_5&#8243; admin_label=&#8221;Colonna&#8221; _builder_version=&#8221;4.25.2&#8243; _module_preset=&#8221;default&#8221; global_colors_info=&#8221;{}&#8221;][et_pb_text _builder_version=&#8221;4.27.0&#8243; _module_preset=&#8221;default&#8221; text_text_color=&#8221;#000000&#8243; custom_padding_tablet=&#8221;||||false|false&#8221; custom_padding_phone=&#8221;&#8221; custom_padding_last_edited=&#8221;on|desktop&#8221; custom_css_main_element=&#8221;color: black !important;&#8221; custom_css_free_form=&#8221;.et_pb_module.et_pb_text.et_pb_text_3.et_pb_text_align_left.et_pb_bg_layout_light p {||  color: black !important;||}&#8221; global_colors_info=&#8221;{}&#8221;]<\/p>\n<p>Che tu sia un appassionato escursionista, un pescatore entusiasta o un ciclista, che tu sia da solo, in coppia, con gli amici o in famiglia \u2013 c\u2019\u00e8 il perfetto BLACKCAMP per ogni esigenza. I nostri modelli offrono un&#8217;ampia gamma di opzioni di personalizzazione per permetterti di progettare la tua mini roulotte esattamente secondo le tue esigenze.<\/p>\n<p>[\/et_pb_text][et_pb_button button_url=&#8221;@ET-DC@eyJkeW5hbWljIjp0cnVlLCJjb250ZW50IjoicG9zdF9saW5rX3VybF9wYWdlIiwic2V0dGluZ3MiOnsicG9zdF9pZCI6IjI0NDgwOSJ9fQ==@&#8221; button_text=&#8221;Seleziona modello e configura&#8221; _builder_version=&#8221;4.27.4&#8243; _dynamic_attributes=&#8221;button_url&#8221; _module_preset=&#8221;default&#8221; custom_button=&#8221;on&#8221; button_text_color=&#8221;#892E2E&#8221; button_icon_color=&#8221;#892E2E&#8221; global_colors_info=&#8221;{}&#8221; button_border_color__hover_enabled=&#8221;on|hover&#8221; button_bg_color__hover_enabled=&#8221;on|hover&#8221; button_bg_color__hover=&#8221;rgba(137,46,46,0.3)&#8221; button_bg_enable_color__hover=&#8221;on&#8221;][\/et_pb_button][\/et_pb_column][et_pb_column type=&#8221;2_5&#8243; admin_label=&#8221;Colonna&#8221; _builder_version=&#8221;4.25.2&#8243; _module_preset=&#8221;default&#8221; global_colors_info=&#8221;{}&#8221;][et_pb_image src=&#8221;https:\/\/blackcamp.it\/wp-content\/uploads\/2024\/08\/BLACKCAMPConfigurator_Animation_1920x1080.gif&#8221; alt=&#8221;Configuratore BLACKCAMP: animazione con colori variabili dell&#039;alloggiamento&#8221; title_text=&#8221;BLACKCAMPConfigurator_Animation_1920x1080&#8243; _builder_version=&#8221;4.27.0&#8243; _module_preset=&#8221;default&#8221; global_colors_info=&#8221;{}&#8221;][\/et_pb_image][\/et_pb_column][\/et_pb_row][\/et_pb_section][et_pb_section fb_built=&#8221;1&#8243; _builder_version=&#8221;4.26.0&#8243; _module_preset=&#8221;default&#8221; background_color=&#8221;#302D2D&#8221; global_colors_info=&#8221;{}&#8221;][et_pb_row _builder_version=&#8221;4.26.0&#8243; _module_preset=&#8221;default&#8221; global_colors_info=&#8221;{}&#8221;][et_pb_column type=&#8221;4_4&#8243; _builder_version=&#8221;4.26.0&#8243; _module_preset=&#8221;default&#8221; global_colors_info=&#8221;{}&#8221;][et_pb_text _builder_version=&#8221;4.27.0&#8243; _module_preset=&#8221;default&#8221; header_text_align=&#8221;center&#8221; text_orientation=&#8221;center&#8221; background_layout=&#8221;dark&#8221; global_colors_info=&#8221;{}&#8221;]<\/p>\n<h3>Hai ancora delle domande? <\/h3>\n<p>Sulla nostra pagina dei contatti troverai i dettagli giusti per ogni tua necessit\u00e0. Che tu abbia domande, necessiti di consulenza, desideri diventare partner commerciale o vuoi richiedere un preventivo, siamo qui per te!<\/p>\n<p>[\/et_pb_text][et_pb_button button_url=&#8221;@ET-DC@eyJkeW5hbWljIjp0cnVlLCJjb250ZW50IjoicG9zdF9saW5rX3VybF9wYWdlIiwic2V0dGluZ3MiOnsicG9zdF9pZCI6IjIzMzE4MCJ9fQ==@&#8221; button_text=&#8221;Contattaci&#8221; button_alignment=&#8221;center&#8221; disabled_on=&#8221;off|off|off&#8221; _builder_version=&#8221;4.27.5&#8243; _dynamic_attributes=&#8221;button_url&#8221; _module_preset=&#8221;default&#8221; custom_margin=&#8221;||||false|false&#8221; global_module=&#8221;232846&#8243; saved_tabs=&#8221;all&#8221; global_colors_info=&#8221;{}&#8221;][\/et_pb_button][\/et_pb_column][\/et_pb_row][\/et_pb_section][et_pb_section fb_built=&#8221;1&#8243; _builder_version=&#8221;4.27.0&#8243; _module_preset=&#8221;default&#8221; background_image=&#8221;https:\/\/blackcamp.it\/wp-content\/uploads\/2024\/07\/BLACKCAMP-FREEda-Seiser-Alm-Suedtirol_2160x810.jpg&#8221; module_alignment=&#8221;center&#8221; height=&#8221;720px&#8221; height_tablet=&#8221;720px&#8221; height_phone=&#8221;720px&#8221; height_last_edited=&#8221;on|desktop&#8221; top_divider_color=&#8221;#302D2D&#8221; bottom_divider_color=&#8221;#302D2D&#8221; global_module=&#8221;232897&#8243; saved_tabs=&#8221;all&#8221; global_colors_info=&#8221;{}&#8221;][et_pb_row _builder_version=&#8221;4.25.2&#8243; _module_preset=&#8221;default&#8221; global_colors_info=&#8221;{}&#8221;][et_pb_column type=&#8221;4_4&#8243; _builder_version=&#8221;4.25.2&#8243; _module_preset=&#8221;default&#8221; global_colors_info=&#8221;{}&#8221;][et_pb_text _builder_version=&#8221;4.27.0&#8243; _module_preset=&#8221;default&#8221; text_orientation=&#8221;center&#8221; background_layout=&#8221;dark&#8221; custom_margin=&#8221;10%||||false|false&#8221; global_colors_info=&#8221;{}&#8221;]<\/p>\n<h2 style=\"text-align: center;\">Qualit\u00e0 dell&#8217; Alto Adige<\/h2>\n<p>Dal 1947, la nostra azienda familiare di terza generazione \u00e8 sinonimo di qualit\u00e0, esperienza e flessibilit\u00e0. Offriamo ai nostri clienti soluzioni personalizzate e combiniamo decenni di tradizione con l&#8217;innovazione. Vivi l&#8217;esperienza del mondo BLACKCAMP e scopri l&#8217;autentico artigianato dell&#8217; Alto Adige.<\/p>\n<p>[\/et_pb_text][et_pb_button button_url=&#8221;@ET-DC@eyJkeW5hbWljIjp0cnVlLCJjb250ZW50IjoicG9zdF9saW5rX3VybF9wYWdlIiwic2V0dGluZ3MiOnsicG9zdF9pZCI6IjIzMzE5NCJ9fQ==@&#8221; button_text=&#8221;Per saperne di pi\u00f9&#8221; button_alignment=&#8221;center&#8221; _builder_version=&#8221;4.27.0&#8243; _dynamic_attributes=&#8221;button_url&#8221; _module_preset=&#8221;default&#8221; custom_button=&#8221;on&#8221; button_text_color=&#8221;#FFFFFF&#8221; button_icon_color=&#8221;#FFFFFF&#8221; global_colors_info=&#8221;{}&#8221; button_border_color__hover_enabled=&#8221;on|hover&#8221; button_bg_color__hover_enabled=&#8221;on|hover&#8221; button_bg_color__hover=&#8221;rgba(255,255,255,0.24)&#8221; button_bg_enable_color__hover=&#8221;on&#8221;][\/et_pb_button][\/et_pb_column][\/et_pb_row][\/et_pb_section]<\/p>\n","protected":false},"excerpt":{"rendered":"<p>Qui trovi le risposte alle domande pi\u00f9 frequenti sulla mini roulotte BLACKCAMP. Che si tratti della patente di guida, dell&#8217;assicurazione, del montaggio o dell&#8217;idoneit\u00e0 al fuoristrada, qui trovi tutte le informazioni importanti a colpo d&#8217;occhio. Informati e preparati al meglio per la tua avventura con BLACKCAMP! &nbsp; S\u00ec! Con un&#8217;auto di classe media \u00e8 possibile [&hellip;]<\/p>\n","protected":false},"author":1,"featured_media":240093,"parent":0,"menu_order":0,"comment_status":"closed","ping_status":"closed","template":"","meta":{"_seopress_robots_primary_cat":"","_seopress_titles_title":"Domande frequenti (FAQ) sulle mini roulotte BLACKCAMP","_seopress_titles_desc":"Scopri le FAQ sulle nostre mini caravan: patente di guida, assicurazione, carrozzeria e altro ancora - qui troverai tutte le informazioni importanti in un colpo solo!","_seopress_robots_index":"","_et_pb_use_builder":"on","_et_pb_old_content":"","_et_gb_content_width":"","footnotes":""},"class_list":["post-240671","page","type-page","status-publish","has-post-thumbnail","hentry"],"_links":{"self":[{"href":"https:\/\/blackcamp.it\/it\/wp-json\/wp\/v2\/pages\/240671","targetHints":{"allow":["GET"]}}],"collection":[{"href":"https:\/\/blackcamp.it\/it\/wp-json\/wp\/v2\/pages"}],"about":[{"href":"https:\/\/blackcamp.it\/it\/wp-json\/wp\/v2\/types\/page"}],"author":[{"embeddable":true,"href":"https:\/\/blackcamp.it\/it\/wp-json\/wp\/v2\/users\/1"}],"replies":[{"embeddable":true,"href":"https:\/\/blackcamp.it\/it\/wp-json\/wp\/v2\/comments?post=240671"}],"version-history":[{"count":13,"href":"https:\/\/blackcamp.it\/it\/wp-json\/wp\/v2\/pages\/240671\/revisions"}],"predecessor-version":[{"id":247714,"href":"https:\/\/blackcamp.it\/it\/wp-json\/wp\/v2\/pages\/240671\/revisions\/247714"}],"wp:featuredmedia":[{"embeddable":true,"href":"https:\/\/blackcamp.it\/it\/wp-json\/wp\/v2\/media\/240093"}],"wp:attachment":[{"href":"https:\/\/blackcamp.it\/it\/wp-json\/wp\/v2\/media?parent=240671"}],"curies":[{"name":"wp","href":"https:\/\/api.w.org\/{rel}","templated":true}]}}