{"id":243311,"date":"2024-11-12T14:32:08","date_gmt":"2024-11-12T13:32:08","guid":{"rendered":"https:\/\/blackcamp.it\/produkt\/focolare-pieghevole\/"},"modified":"2026-01-14T16:29:13","modified_gmt":"2026-01-14T15:29:13","slug":"focolare-pieghevole","status":"publish","type":"product","link":"https:\/\/blackcamp.it\/it\/prodotto\/focolare-pieghevole\/","title":{"rendered":"Focolare pieghevole"},"content":{"rendered":"<h2>Comoda da montare in pochi secondi: perfetta per le tue avventure all&#8217;aperto<\/h2>\n<p>La nostra ciotola pieghevole BLACKCAMP \u00e8 la compagna perfetta per le tue avventure all&#8217;aperto. Si monta in pochi secondi e offre un modo semplice per rilassarsi accanto al fuoco. Che siate in campeggio, in spiaggia o nel tuo giardino, questa ciotola crea sempre l&#8217;atmosfera giusta.  <\/p>\n<h3>Pratica borsa per il trasporto inclusa.<\/h3>\n<p>La ciotola per il fuoco \u00e8 fornita con una borsa per il trasporto in feltro di alta qualit\u00e0. Questa non solo protegge la ciotola del fuoco, ma pu\u00f2 anche essere utilizzata come comodo cuscino per sedersi: l&#8217;ideale per indimenticabili serate all&#8217;aperto! La borsa per il trasporto \u00e8 robusta e offre spazio sufficiente per riporre e trasportare il focolare in tutta sicurezza.  <\/p>\n<h3>Robusto e durevole<\/h3>\n<p>Realizzato con materiali di alta qualit\u00e0, il nostro focolare pieghevole \u00e8 particolarmente robusto e durevole. Sfida le intemperie e vi garantisce un utilizzo prolungato del prodotto. <\/p>\n","protected":false},"excerpt":{"rendered":"<p>\u2705 <strong>Comodo montaggio<\/strong>: Pronta all&#8217;uso in pochi secondi<br \/>\n\u2705 <strong>Pratica borsa per il trasporto<\/strong>: Realizzata in feltro, protegge e pu\u00f2 essere utilizzata come cuscino<br \/>\n\u2705 <strong>Robusta e durevole<\/strong>: Realizzata con materiali di alta qualit\u00e0<br \/>\n\u2705 <strong>Utilizzo versatile<\/strong>: Ideale per il campeggio, la spiaggia e il giardino.<\/p>\n","protected":false},"featured_media":236548,"template":"","meta":{"_seopress_robots_primary_cat":"none","_seopress_titles_title":"Ciotola pieghevole per il fuoco: perfetta per le avventure all'aperto | BLACKCAMP","_seopress_titles_desc":"Ciotola da fuoco pieghevole per le avventure all'aperto. Facile da montare, pratica borsa in feltro per il trasporto, robusta e durevole. Ideale per il campeggio, la spiaggia e il giardino.  ","_seopress_robots_index":"","_et_pb_use_builder":"","_et_pb_old_content":"","_et_gb_content_width":""},"product_brand":[274],"product_cat":[264],"product_tag":[],"class_list":{"0":"post-243311","1":"product","2":"type-product","3":"status-publish","4":"has-post-thumbnail","6":"product_brand-blackcamp","7":"product_cat-accessori-da-cucina","8":"product_shipping_class-standard-it","10":"first","11":"instock","12":"taxable","13":"shipping-taxable","14":"purchasable","15":"product-type-simple"},"_links":{"self":[{"href":"https:\/\/blackcamp.it\/it\/wp-json\/wp\/v2\/product\/243311","targetHints":{"allow":["GET"]}}],"collection":[{"href":"https:\/\/blackcamp.it\/it\/wp-json\/wp\/v2\/product"}],"about":[{"href":"https:\/\/blackcamp.it\/it\/wp-json\/wp\/v2\/types\/product"}],"wp:featuredmedia":[{"embeddable":true,"href":"https:\/\/blackcamp.it\/it\/wp-json\/wp\/v2\/media\/236548"}],"wp:attachment":[{"href":"https:\/\/blackcamp.it\/it\/wp-json\/wp\/v2\/media?parent=243311"}],"wp:term":[{"taxonomy":"product_brand","embeddable":true,"href":"https:\/\/blackcamp.it\/it\/wp-json\/wp\/v2\/product_brand?post=243311"},{"taxonomy":"product_cat","embeddable":true,"href":"https:\/\/blackcamp.it\/it\/wp-json\/wp\/v2\/product_cat?post=243311"},{"taxonomy":"product_tag","embeddable":true,"href":"https:\/\/blackcamp.it\/it\/wp-json\/wp\/v2\/product_tag?post=243311"}],"curies":[{"name":"wp","href":"https:\/\/api.w.org\/{rel}","templated":true}]}}