{"id":243349,"date":"2024-11-12T14:23:26","date_gmt":"2024-11-12T13:23:26","guid":{"rendered":"https:\/\/blackcamp.it\/produkt\/portabici\/"},"modified":"2025-06-22T22:50:44","modified_gmt":"2025-06-22T21:50:44","slug":"portabici","status":"publish","type":"product","link":"https:\/\/blackcamp.it\/it\/prodotto\/portabici\/","title":{"rendered":"Portabiciclette"},"content":{"rendered":"<h2>Un&#8217;ampia gamma di opzioni per tutte le misure di asse: la soluzione perfetta per gli amanti della bici<\/h2>\n<p>I nostri supporti per bici per assi passanti sono la soluzione perfetta per gli amanti della bici che hanno bisogno di flessibilit\u00e0 e stabilit\u00e0. I portabiciclette fissano la bicicletta in modo professionale e in pochi secondi. Sono disponibili per assali di dimensioni 15\u00d7110 mm, 15\u00d7100 mm, 12\u00d7100 mm e 20\u00d7110 mm. Offriamo anche un modello specifico per gli spiedini a sgancio rapido.   <\/p>\n<h3>Facile utilizzo e montaggio<\/h3>\n<p>I portabiciclette possono essere spostati facilmente sulla guida in dotazione. Ci\u00f2 consente di ottimizzare la posizione della bicicletta. La guida viene semplicemente fissata nella posizione desiderata con delle viti. La bicicletta viene fissata nel supporto con il perno passante della ruota anteriore. Il montaggio del portabici \u00e8 estremamente semplice, per cui \u00e8 possibile fissare saldamente la bicicletta in pochissimo tempo.    <\/p>\n<h3>Perch\u00e9 i nostri portabici?<\/h3>\n<p>Con i nostri portabici per assi passanti, non avrete solo un accessorio pratico, ma anche una sicurezza. Sono ideali per qualsiasi avventura e sono un must per tutti i ciclisti che apprezzano qualit\u00e0 e prestazioni. <\/p>\n","protected":false},"excerpt":{"rendered":"<p>\u2705 <strong>Facile da sostituire<\/strong>: le boccole possono essere sostituite senza sforzo con due viti<br \/>\n\u2705 <strong>Modello a sgancio rapido<\/strong>: progettato appositamente per le biciclette con sgancio rapido<br \/>\n\u2705 <strong>Regolazione flessibile<\/strong>: facile da spostare sulla guida<br \/>\n\u2705 <strong>Montaggio semplice<\/strong>: fissare le viti nella posizione desiderata e fissare saldamente la bicicletta.<\/p>\n<h3><\/h3>\n","protected":false},"featured_media":243348,"template":"","meta":{"_seopress_robots_primary_cat":"none","_seopress_titles_title":"Portabiciclette: opzioni versatili per tutte le dimensioni di assale | BLACKCAMP","_seopress_titles_desc":"Portabici per assi passanti: flessibile, stabile, facile da montare. Disponibile in varie misure di asse, compreso il modello a sgancio rapido. Ideale per gli amanti della bicicletta.  ","_seopress_robots_index":"","_et_pb_use_builder":"","_et_pb_old_content":"","_et_gb_content_width":""},"product_brand":[274],"product_cat":[262],"product_tag":[],"class_list":{"0":"post-243349","1":"product","2":"type-product","3":"status-publish","4":"has-post-thumbnail","6":"product_brand-blackcamp","7":"product_cat-accessori-per-biciclette","8":"product_shipping_class-standard-it","10":"first","11":"instock","12":"taxable","13":"shipping-taxable","14":"purchasable","15":"product-type-variable"},"_links":{"self":[{"href":"https:\/\/blackcamp.it\/it\/wp-json\/wp\/v2\/product\/243349","targetHints":{"allow":["GET"]}}],"collection":[{"href":"https:\/\/blackcamp.it\/it\/wp-json\/wp\/v2\/product"}],"about":[{"href":"https:\/\/blackcamp.it\/it\/wp-json\/wp\/v2\/types\/product"}],"wp:featuredmedia":[{"embeddable":true,"href":"https:\/\/blackcamp.it\/it\/wp-json\/wp\/v2\/media\/243348"}],"wp:attachment":[{"href":"https:\/\/blackcamp.it\/it\/wp-json\/wp\/v2\/media?parent=243349"}],"wp:term":[{"taxonomy":"product_brand","embeddable":true,"href":"https:\/\/blackcamp.it\/it\/wp-json\/wp\/v2\/product_brand?post=243349"},{"taxonomy":"product_cat","embeddable":true,"href":"https:\/\/blackcamp.it\/it\/wp-json\/wp\/v2\/product_cat?post=243349"},{"taxonomy":"product_tag","embeddable":true,"href":"https:\/\/blackcamp.it\/it\/wp-json\/wp\/v2\/product_tag?post=243349"}],"curies":[{"name":"wp","href":"https:\/\/api.w.org\/{rel}","templated":true}]}}