{"id":243407,"date":"2025-01-14T10:26:02","date_gmt":"2025-01-14T09:26:02","guid":{"rendered":"https:\/\/blackcamp.it\/?post_type=product&#038;p=243407"},"modified":"2025-06-25T20:11:52","modified_gmt":"2025-06-25T19:11:52","slug":"bicchieri-da-vino-magnetici","status":"publish","type":"product","link":"https:\/\/blackcamp.it\/it\/prodotto\/bicchieri-da-vino-magnetici\/","title":{"rendered":"Bicchieri da vino magnetici in plastica"},"content":{"rendered":"<h2>Perfetti per viaggiare: bicchieri da vino magnetici dal design innovativo<\/h2>\n<p>I nostri bicchieri da vino magnetici in plastica sono la soluzione perfetta per chi vuole gustare il vino con stile anche in viaggio. Questi innovativi bicchieri da vino sono realizzati in plastica di alta qualit\u00e0 che assomiglia quasi al 100% al vetro vero, ma \u00e8 molto pi\u00f9 stabile e infrangibile. <\/p>\n<h3>Presa imbattibile<\/h3>\n<p>Grazie ai forti magneti, i bicchieri magnetici infrangibili non solo hanno un aspetto attraente, ma offrono anche una presa imbattibile. I bicchieri rimangono saldamente al loro posto, cos\u00ec non dovrete preoccuparvi che cadano durante il viaggio. Ideali per camper, barche o picnic all&#8217;aperto.  <\/p>\n","protected":false},"excerpt":{"rendered":"<p>\u2705 <strong>Plastica di alta qualit\u00e0<\/strong>: sembra vetro vero, ma \u00e8 pi\u00f9 stabile.<br \/>\n\u2705 <strong>Infrangibili<\/strong>: ideali per i viaggi<br \/>\n\u2705 <strong>Forti magneti<\/strong>: I bicchieri rimangono saldamente al loro posto<br \/>\n\u2705 <strong>Look accattivante<\/strong>: elegante e pratico allo stesso tempo<\/p>\n<h3><\/h3>\n","protected":false},"featured_media":243410,"template":"","meta":{"_seopress_robots_primary_cat":"none","_seopress_titles_title":"Bicchieri da vino magnetici in plastica - perfetti per i viaggi | BLACKCAMP","_seopress_titles_desc":"Perfetti per i viaggi - bicchieri da vino magnetici in plastica di alta qualit\u00e0, infrangibili e stabili, con forti magneti per una presa imbattibile.","_seopress_robots_index":"","_et_pb_use_builder":"","_et_pb_old_content":"","_et_gb_content_width":""},"product_brand":[279],"product_cat":[264],"product_tag":[],"class_list":{"0":"post-243407","1":"product","2":"type-product","3":"status-publish","4":"has-post-thumbnail","6":"product_brand-silwy","7":"product_cat-accessori-da-cucina","8":"product_shipping_class-standard-it","10":"first","11":"instock","12":"taxable","13":"shipping-taxable","14":"purchasable","15":"product-type-simple"},"_links":{"self":[{"href":"https:\/\/blackcamp.it\/it\/wp-json\/wp\/v2\/product\/243407","targetHints":{"allow":["GET"]}}],"collection":[{"href":"https:\/\/blackcamp.it\/it\/wp-json\/wp\/v2\/product"}],"about":[{"href":"https:\/\/blackcamp.it\/it\/wp-json\/wp\/v2\/types\/product"}],"wp:featuredmedia":[{"embeddable":true,"href":"https:\/\/blackcamp.it\/it\/wp-json\/wp\/v2\/media\/243410"}],"wp:attachment":[{"href":"https:\/\/blackcamp.it\/it\/wp-json\/wp\/v2\/media?parent=243407"}],"wp:term":[{"taxonomy":"product_brand","embeddable":true,"href":"https:\/\/blackcamp.it\/it\/wp-json\/wp\/v2\/product_brand?post=243407"},{"taxonomy":"product_cat","embeddable":true,"href":"https:\/\/blackcamp.it\/it\/wp-json\/wp\/v2\/product_cat?post=243407"},{"taxonomy":"product_tag","embeddable":true,"href":"https:\/\/blackcamp.it\/it\/wp-json\/wp\/v2\/product_tag?post=243407"}],"curies":[{"name":"wp","href":"https:\/\/api.w.org\/{rel}","templated":true}]}}