{"id":247961,"date":"2026-02-13T16:56:56","date_gmt":"2026-02-13T15:56:56","guid":{"rendered":"https:\/\/blackcamp.it\/produkt\/freeda-2024-turchese-menta\/"},"modified":"2026-03-31T17:08:52","modified_gmt":"2026-03-31T16:08:52","slug":"freeda-2024-turchese-menta","status":"publish","type":"product","link":"https:\/\/blackcamp.it\/it\/prodotto\/freeda-2024-turchese-menta\/","title":{"rendered":"FREEda 2024 &#8211; Turchese menta (usato)"},"content":{"rendered":"<h2>FREEda 2024 \u2013 Modello compatto usato con dotazione completa<\/h2>\n<p>Questo FREEda \u00e8 un modello usato ben tenuto proveniente da una vendita privata e offre una dotazione completa per il campeggio, i tour in bicicletta e le avventure all&#8217;aria aperta. Con le sue dimensioni esterne compatte di <strong>340 \u00d7 170 \u00d7 208 cm<\/strong> e un peso a vuoto di soli <strong>900 kg<\/strong> circa, \u00e8 facile da trainare e perfetto per i veicoli pi\u00f9 piccoli. <\/p>\n<p>Il fresco colore <strong>turchese menta<\/strong> rende questo modello davvero accattivante, mentre il peso totale ammesso di <strong>1.300 kg<\/strong> offre riserve sufficienti per attrezzature e bagagli. Grazie alla batteria al litio, all&#8217;impianto solare e alle pratiche funzioni da campeggio, sarai perfettamente attrezzato anche lontano dalle infrastrutture. <\/p>\n<p>Questo modello \u00e8 immediatamente disponibile ed \u00e8 l&#8217;ideale per chi cerca un&#8217;attrezzatura da campeggio completa, leggera e affidabile, ad un prezzo interessante.<\/p>\n<p>Questo modello \u00e8 venduto dal seguente concessionario partner. L&#8217;IVA del 19% \u00e8 deducibile e il prezzo del veicolo da esposizione \u00e8 stato notevolmente ridotto. Per ulteriori informazioni o per una visita, il concessionario \u00e8 a tua completa disposizione. Puoi inviare una richiesta di acquisto direttamente al concessionario o, come di consueto, tramite il modulo di contatto al link sopra indicato.   <\/p>\n<p><strong>BIWAK ON TOUR<\/strong><br \/>\n\ud83d\udcde +49 174 939 0294<br \/>\n\ud83d\udce7 michael@biwakontour.de<\/p>\n<h2>Attrezzatura<\/h2>\n<ul>\n<li>Tenda da tetto Airsky 360\u00b0 Black Storm Large finestra panoramica<\/li>\n<li>Veranda <strong>BUSHWAKKA 270\u00b0<\/strong><\/li>\n<li><strong>Kit bici<\/strong>: estrattore ruote + 2 supporti per caschi + 2 portabici<\/li>\n<li>Collegamento a gas esterno per barbecue da campeggio<\/li>\n<li><strong>Batteria agli ioni di litio 100Ah<\/strong><\/li>\n<li><strong>Impianto fotovoltaico da 120W<\/strong><\/li>\n<li>Mobile laterale con 2 armadi e 3 cassetti<\/li>\n<li>Piedini di supporto pieghevoli<\/li>\n<li>Doccia esterna<\/li>\n<li>Tenda da doccia<\/li>\n<li>Luce aggiuntiva sopra la cucina<\/li>\n<li>Kit Safety\u2011Ball<\/li>\n<li>Omologazione a 100 km\/h, inclusi assi con ammortizzatori <\/li>\n<\/ul>\n<p><!--EndFragment --><\/p>\n<p><!--EndFragment --><\/p>\n","protected":false},"excerpt":{"rendered":"<p>\u2705 Leggero, compatto e ideale per avventure spontanee<br \/>\n\u2705 Completamente attrezzato, incluse tenda da tetto, tendalino, kit per biciclette e pannelli solari<br \/>\n\u2705 Modello usato ben tenuto, immediatamente disponibile a un prezzo speciale <\/p>\n<p><strong><em>Vendita privata: IVA commerciale del 19% deducibile<\/em><\/strong><\/p>\n","protected":false},"featured_media":243996,"template":"","meta":{"_seopress_robots_primary_cat":"none","_seopress_titles_title":"BLACKCAMP FREEda Modello usato: mini roulotte disponibile immediatamente","_seopress_titles_desc":"Modello FREEda in vendita privata: modello usato leggero e compatto in turchese menta con tenda da tetto, tendalino e altro. Disponibile immediatamente a un prezzo speciale. ","_seopress_robots_index":"","_et_pb_use_builder":"","_et_pb_old_content":"","_et_gb_content_width":""},"product_brand":[],"product_cat":[350],"product_tag":[],"class_list":{"0":"post-247961","1":"product","2":"type-product","3":"status-publish","4":"has-post-thumbnail","6":"product_cat-blackcamp-second-life-modelli-usati-e-da-esposizione","8":"first","9":"instock","10":"sale","11":"taxable","12":"shipping-taxable","13":"product-type-external"},"_links":{"self":[{"href":"https:\/\/blackcamp.it\/it\/wp-json\/wp\/v2\/product\/247961","targetHints":{"allow":["GET"]}}],"collection":[{"href":"https:\/\/blackcamp.it\/it\/wp-json\/wp\/v2\/product"}],"about":[{"href":"https:\/\/blackcamp.it\/it\/wp-json\/wp\/v2\/types\/product"}],"wp:featuredmedia":[{"embeddable":true,"href":"https:\/\/blackcamp.it\/it\/wp-json\/wp\/v2\/media\/243996"}],"wp:attachment":[{"href":"https:\/\/blackcamp.it\/it\/wp-json\/wp\/v2\/media?parent=247961"}],"wp:term":[{"taxonomy":"product_brand","embeddable":true,"href":"https:\/\/blackcamp.it\/it\/wp-json\/wp\/v2\/product_brand?post=247961"},{"taxonomy":"product_cat","embeddable":true,"href":"https:\/\/blackcamp.it\/it\/wp-json\/wp\/v2\/product_cat?post=247961"},{"taxonomy":"product_tag","embeddable":true,"href":"https:\/\/blackcamp.it\/it\/wp-json\/wp\/v2\/product_tag?post=247961"}],"curies":[{"name":"wp","href":"https:\/\/api.w.org\/{rel}","templated":true}]}}