{"id":248522,"date":"2026-03-31T09:24:59","date_gmt":"2026-03-31T08:24:59","guid":{"rendered":"https:\/\/blackcamp.it\/?post_type=product&#038;p=248522"},"modified":"2026-05-13T08:57:35","modified_gmt":"2026-05-13T07:57:35","slug":"blackcamp-2026-ocean-blue-living-fiera-espositivo","status":"publish","type":"product","link":"https:\/\/blackcamp.it\/it\/prodotto\/blackcamp-2026-ocean-blue-living-fiera-espositivo\/","title":{"rendered":"BLACKCAMP 2026 &#8211; Ocean Blue con allestimento interno LIVING (veicolo da fiera\/da esposizione)"},"content":{"rendered":"<h2>FREEda XL 2026 \u2013 Veicolo da fiera completamente accessoriato a prezzo speciale<\/h2>\n<p>Questo veicolo da fiera e espositivo FREEda XL 2026 ti offre massima dotazione, design moderno e immediata prontezza all\u2019uso. Con le sue dimensioni esterne di 370 \u00d7 170 \u00d7 215 cm e un peso a vuoto di soli circa 990 kg, questo modello \u00e8 ideale per chi cerca un allestimento da campeggio compatto, robusto e versatile. <\/p>\n<p>La vernice esterna blu oceano conferisce al veicolo un aspetto elegante. Il peso totale ammesso di 1.300 kg offre ampio margine per attrezzatura, biciclette e equipaggiamento da campeggio. <\/p>\n<p>Grazie all\u2019impianto solare, al tendalino a 270\u00b0, alla tenda da tetto e all\u2019ampio allestimento interno, sei perfettamente attrezzato per viaggi pi\u00f9 lunghi, tour off\u2011road e avventure in completa autonomia.<\/p>\n<p>Questo modello viene venduto direttamente da noi. Il prezzo del veicolo da fiera \u00e8 stato notevolmente ridotto. Per ulteriori informazioni o per una visita, siamo a tua completa disposizione. Una richiesta di acquisto pu\u00f2 essere inviata direttamente a noi oppure, come di consueto, tramite il modulo di contatto collegato in alto.   <\/p>\n<p><strong>Schwarz SRL<\/strong><br \/>\n\ud83d\udcde +39 0471 633133<br \/>\n\ud83d\udce7 info@blackcamp.it<\/p>\n<h2>Attrezzatura<\/h2>\n<ul>\n<li>Gomme 185\/60R 14 Offroad<\/li>\n<li>Tenda da tetto <strong>AIR-SKY 360 BLACK STORM LARGE<\/strong> con finestra panoramica<\/li>\n<li>Letto meccanico ribaltabile nell&#8217;abitacolo con <strong>materasso Naturafit<\/strong> (195 \u00d7 120 cm)<\/li>\n<li><strong>Tenda da sole fuoristrada BUSHWAKKA 270\u00b0<\/strong> con illuminazione<\/li>\n<li>PACCHETTO LIVING: allestimento interno con panca comprensiva di vani portaoggetti e finestra panoramica <\/li>\n<li>panca aggiuntiva fissa<\/li>\n<li>Rivestimenti dei cuscini in colore speciale abbinato alla vernice esterna<\/li>\n<li>finestra aggiuntiva sul lato passeggero<\/li>\n<li>Doccia esterna<\/li>\n<li><strong>Impianto fotovoltaico da 120W<\/strong><\/li>\n<li>Piedini di supporto pieghevoli<\/li>\n<li>Coperture in feltro per piano cottura e lavello<\/li>\n<li>Luce aggiuntiva sopra la cucina<\/li>\n<li>Bicchieri da vino magnetici in plastica<\/li>\n<li>Versione 100 km\/h con ammortizzatori <\/li>\n<\/ul>\n<p><!--EndFragment --><\/p>\n","protected":false},"excerpt":{"rendered":"<p>\u2705 Veicolo da fiera\/espositivo completamente accessoriato in condizioni eccellenti<br \/>\n\u2705 Allestimento off\u2011road robusto con tenda da tetto e tendalino<br \/>\n\u2705 Viaggi in completa autonomia grazie a pannello solare da 120W e numerose dotazioni da campeggio<\/p>\n<p>Vendita privata: IVA commerciale del 19% indicabile<\/p>\n","protected":false},"featured_media":248534,"template":"","meta":{"_seopress_robots_primary_cat":"none","_seopress_titles_title":"BLACKCAMP FREEda XL Mini-Caravan: veicolo da esposizione immediatamente disponibile","_seopress_titles_desc":"Veicolo da fiera\/espositivo FREEda XL in Ocean Blue con dotazione completa: tenda da tetto, tendalino e altro. Approfitta subito del prezzo speciale. ","_seopress_robots_index":"","_et_pb_use_builder":"","_et_pb_old_content":"","_et_gb_content_width":""},"product_brand":[],"product_cat":[350],"product_tag":[],"class_list":{"0":"post-248522","1":"product","2":"type-product","3":"status-publish","4":"has-post-thumbnail","6":"product_cat-blackcamp-second-life-modelli-usati-e-da-esposizione","8":"first","9":"instock","10":"sale","11":"taxable","12":"shipping-taxable","13":"product-type-external"},"_links":{"self":[{"href":"https:\/\/blackcamp.it\/it\/wp-json\/wp\/v2\/product\/248522","targetHints":{"allow":["GET"]}}],"collection":[{"href":"https:\/\/blackcamp.it\/it\/wp-json\/wp\/v2\/product"}],"about":[{"href":"https:\/\/blackcamp.it\/it\/wp-json\/wp\/v2\/types\/product"}],"wp:featuredmedia":[{"embeddable":true,"href":"https:\/\/blackcamp.it\/it\/wp-json\/wp\/v2\/media\/248534"}],"wp:attachment":[{"href":"https:\/\/blackcamp.it\/it\/wp-json\/wp\/v2\/media?parent=248522"}],"wp:term":[{"taxonomy":"product_brand","embeddable":true,"href":"https:\/\/blackcamp.it\/it\/wp-json\/wp\/v2\/product_brand?post=248522"},{"taxonomy":"product_cat","embeddable":true,"href":"https:\/\/blackcamp.it\/it\/wp-json\/wp\/v2\/product_cat?post=248522"},{"taxonomy":"product_tag","embeddable":true,"href":"https:\/\/blackcamp.it\/it\/wp-json\/wp\/v2\/product_tag?post=248522"}],"curies":[{"name":"wp","href":"https:\/\/api.w.org\/{rel}","templated":true}]}}