{"id":248619,"date":"2026-03-13T07:16:36","date_gmt":"2026-03-13T06:16:36","guid":{"rendered":"https:\/\/blackcamp.it\/?post_type=product&#038;p=248619"},"modified":"2026-05-13T08:56:46","modified_gmt":"2026-05-13T07:56:46","slug":"freeda-offroad-schwarz-veicolo-espositivo","status":"publish","type":"product","link":"https:\/\/blackcamp.it\/it\/prodotto\/freeda-offroad-schwarz-veicolo-espositivo\/","title":{"rendered":"FREEda OffRoad- Nero (veicolo espositivo)"},"content":{"rendered":"<h2>FREEda OffRoad\u2013 Veicolo compatto usato completamente accessoriato<\/h2>\n<p>Questo modello FREEda \u00e8 un veicolo da fiera ed esposizione e offre un\u2019equipaggiata dotazione per campeggio, tour in bicicletta e avventure all\u2019aperto. Con le sue dimensioni esterne compatte di 340 \u00d7 170 \u00d7 215 cm e un peso a vuoto di soli circa <strong>900 kg<\/strong>, \u00e8 facile da trainare e perfettamente adatto a veicoli di piccole dimensioni. <\/p>\n<p>Nella versione nera, questo modello assume un aspetto particolarmente elegante e raffinato, mentre il peso totale a terra consentito di <strong>1.300 kg<\/strong> offre ampie riserve per attrezzatura e bagagli. Grazie alla batteria al litio, all\u2019impianto solare e alle pratiche funzionalit\u00e0 da campeggio, sei perfettamente attrezzato anche lontano dalle infrastrutture. <\/p>\n<p>Questo modello \u00e8 immediatamente disponibile ed \u00e8 l&#8217;ideale per chi cerca un&#8217;attrezzatura da campeggio completa, leggera e affidabile, ad un prezzo interessante.<\/p>\n<p>Questo modello \u00e8 venduto dal seguente concessionario partner. L&#8217;IVA del 19% \u00e8 deducibile e il prezzo del veicolo da esposizione \u00e8 stato notevolmente ridotto. Per ulteriori informazioni o per una visita, il concessionario \u00e8 a tua completa disposizione. Puoi inviare una richiesta di acquisto direttamente al concessionario o, come di consueto, tramite il modulo di contatto al link sopra indicato.   <\/p>\n<p><strong>ACTIVE CAMPING GMBH<\/strong><br \/>\n\ud83d\udcde +49 160 966 455 47<br \/>\n\ud83d\udce7 info@activecamping.de<\/p>\n<h2>Attrezzatura<\/h2>\n<ul>\n<li>Tenda da tetto <strong>Airsky 360\u00b0 Black Storm Large<\/strong> con finestra panoramica e singola aletta di protezione sopra l\u2019ingresso<\/li>\n<li>Tendalino <strong>BUSHWAKKA 270\u00b0 <\/strong>OFFROAD con luce integrata<\/li>\n<li>Mobile laterale con 2 armadi e 3 cassetti<\/li>\n<li><strong>Kit bici<\/strong>: Vano estraibile + 2 supporti per caschi + 2 portabici<\/li>\n<li><strong>Offroad-Kit<\/strong>: 2 sand boards 1 pala, 1 ascia, 4 ganci<\/li>\n<li>Collegamento a gas esterno per barbecue da campeggio<\/li>\n<li><strong>Batteria al litio 12V 100Ah<\/strong><\/li>\n<li>Inverter 1000 W con uscita 220 V<\/li>\n<li><strong>Impianto fotovoltaico da 120W<\/strong><\/li>\n<li>Presa esterna per un ulteriore modulo solare (FV)<\/li>\n<li>Presa 230V nella tenda da tetto<\/li>\n<li>Piedini di supporto pieghevoli<\/li>\n<li>Doccia esterna<\/li>\n<li>Coperture in feltro per piano cottura e lavello<\/li>\n<li>Luce aggiuntiva sopra la cucina<\/li>\n<li>Omologazione a 100 km\/h, inclusi assi con ammortizzatori <\/li>\n<\/ul>\n<p><!--EndFragment --><\/p>\n<p><!--EndFragment --><\/p>\n","protected":false},"excerpt":{"rendered":"<p>\u2705 Leggero, compatto e ideale per avventure spontanee<br \/>\n\u2705 Completamente equipaggiato incl. tenda da tetto, tendalino, kit bici &amp; impianto solare<br \/>\n\u2705 Veicolo da fiera\/esposizione ben tenuto \u2013 disponibile subito a prezzo speciale <\/p>\n<p><strong><em>Vendita privata: IVA commerciale del 19% deducibile<\/em><\/strong><\/p>\n","protected":false},"featured_media":248624,"template":"","meta":{"_seopress_robots_primary_cat":"none","_seopress_titles_title":"BLACKCAMP FREEda Modello usato: mini roulotte disponibile immediatamente","_seopress_titles_desc":"Modello FREEda in vendita privata: modello usato leggero e compatto in turchese menta con tenda da tetto, tendalino e altro. Disponibile immediatamente a un prezzo speciale. ","_seopress_robots_index":"","_et_pb_use_builder":"","_et_pb_old_content":"","_et_gb_content_width":""},"product_brand":[],"product_cat":[350],"product_tag":[],"class_list":{"0":"post-248619","1":"product","2":"type-product","3":"status-publish","4":"has-post-thumbnail","6":"product_cat-blackcamp-second-life-modelli-usati-e-da-esposizione","8":"first","9":"instock","10":"sale","11":"taxable","12":"shipping-taxable","13":"product-type-external"},"_links":{"self":[{"href":"https:\/\/blackcamp.it\/it\/wp-json\/wp\/v2\/product\/248619","targetHints":{"allow":["GET"]}}],"collection":[{"href":"https:\/\/blackcamp.it\/it\/wp-json\/wp\/v2\/product"}],"about":[{"href":"https:\/\/blackcamp.it\/it\/wp-json\/wp\/v2\/types\/product"}],"wp:featuredmedia":[{"embeddable":true,"href":"https:\/\/blackcamp.it\/it\/wp-json\/wp\/v2\/media\/248624"}],"wp:attachment":[{"href":"https:\/\/blackcamp.it\/it\/wp-json\/wp\/v2\/media?parent=248619"}],"wp:term":[{"taxonomy":"product_brand","embeddable":true,"href":"https:\/\/blackcamp.it\/it\/wp-json\/wp\/v2\/product_brand?post=248619"},{"taxonomy":"product_cat","embeddable":true,"href":"https:\/\/blackcamp.it\/it\/wp-json\/wp\/v2\/product_cat?post=248619"},{"taxonomy":"product_tag","embeddable":true,"href":"https:\/\/blackcamp.it\/it\/wp-json\/wp\/v2\/product_tag?post=248619"}],"curies":[{"name":"wp","href":"https:\/\/api.w.org\/{rel}","templated":true}]}}